{"id":1049,"date":"2023-06-01T15:58:13","date_gmt":"2023-06-01T14:58:13","guid":{"rendered":"https:\/\/sirkoaba.hu\/?page_id=1049"},"modified":"2023-06-01T15:58:14","modified_gmt":"2023-06-01T14:58:14","slug":"mikro-kis-es-kozepvallalkozasok-technologiai-korszerusitese-hitelprogram-keszlet-vasarlas","status":"publish","type":"page","link":"https:\/\/sirkoaba.hu\/index.php\/mikro-kis-es-kozepvallalkozasok-technologiai-korszerusitese-hitelprogram-keszlet-vasarlas\/","title":{"rendered":"MIKRO-,KIS-\u00c9S K\u00d6Z\u00c9PV\u00c1LLALKOZ\u00c1SOK TECHNOL\u00d3GIAI KORSZER\u0170S\u00cdT\u00c9SE HITELPROGRAM; K\u00c9SZLET V\u00c1S\u00c1RL\u00c1S"},"content":{"rendered":"\n<p>Kedvezm\u00e9nyezett neve: Aba Gr\u00e1nit Kft.<\/p>\n\n\n\n<p>Visszat\u00e9r\u00edtend\u0151 hitel \u00f6sszege 10 milli\u00f3 forint<\/p>\n\n\n\n<p>T\u00e1mogat\u00e1s le\u00edr\u00e1sa:MIKRO-,KIS-\u00c9S K\u00d6Z\u00c9PV\u00c1LLALKOZ\u00c1SOK TECHNOL\u00d3GIAI KORSZER\u0170S\u00cdT\u00c9SE HITELPROGRAM; K\u00c9SZLET V\u00c1S\u00c1RL\u00c1S<\/p>\n\n\n\n<figure class=\"wp-block-image size-large is-resized\"><img loading=\"lazy\" decoding=\"async\" src=\"https:\/\/sirkoaba.hu\/wp-content\/uploads\/2023\/03\/infoblokk_kedv_final_CMYK_ERFA-1024x708.jpg\" alt=\"\" class=\"wp-image-1016\" width=\"272\" height=\"188\" srcset=\"https:\/\/sirkoaba.hu\/wp-content\/uploads\/2023\/03\/infoblokk_kedv_final_CMYK_ERFA-1024x708.jpg 1024w, https:\/\/sirkoaba.hu\/wp-content\/uploads\/2023\/03\/infoblokk_kedv_final_CMYK_ERFA-768x531.jpg 768w, https:\/\/sirkoaba.hu\/wp-content\/uploads\/2023\/03\/infoblokk_kedv_final_CMYK_ERFA.jpg 1453w\" sizes=\"(max-width: 272px) 100vw, 272px\" \/><\/figure>\n\n\n\n<figure class=\"wp-block-image size-large is-resized\"><img loading=\"lazy\" decoding=\"async\" src=\"https:\/\/sirkoaba.hu\/wp-content\/uploads\/2023\/06\/image_50394369-1024x655.jpg\" alt=\"\" class=\"wp-image-1045\" width=\"536\" height=\"343\" srcset=\"https:\/\/sirkoaba.hu\/wp-content\/uploads\/2023\/06\/image_50394369-1024x655.jpg 1024w, https:\/\/sirkoaba.hu\/wp-content\/uploads\/2023\/06\/image_50394369-768x491.jpg 768w, https:\/\/sirkoaba.hu\/wp-content\/uploads\/2023\/06\/image_50394369-1536x983.jpg 1536w, https:\/\/sirkoaba.hu\/wp-content\/uploads\/2023\/06\/image_50394369-2048x1310.jpg 2048w\" sizes=\"(max-width: 536px) 100vw, 536px\" \/><\/figure>\n","protected":false},"excerpt":{"rendered":"<p>Kedvezm\u00e9nyezett neve: Aba Gr\u00e1nit Kft. Visszat\u00e9r\u00edtend\u0151 hitel \u00f6sszege 10 milli\u00f3 forint T\u00e1mogat\u00e1s le\u00edr\u00e1sa:MIKRO-,KIS-\u00c9S K\u00d6Z\u00c9PV\u00c1LLALKOZ\u00c1SOK TECHNOL\u00d3GIAI KORSZER\u0170S\u00cdT\u00c9SE HITELPROGRAM; K\u00c9SZLET V\u00c1S\u00c1RL\u00c1S<\/p>\n","protected":false},"author":2,"featured_media":0,"parent":0,"menu_order":0,"comment_status":"closed","ping_status":"closed","template":"","meta":{"footnotes":""},"class_list":["post-1049","page","type-page","status-publish","hentry"],"jetpack_sharing_enabled":true,"_links":{"self":[{"href":"https:\/\/sirkoaba.hu\/index.php\/wp-json\/wp\/v2\/pages\/1049"}],"collection":[{"href":"https:\/\/sirkoaba.hu\/index.php\/wp-json\/wp\/v2\/pages"}],"about":[{"href":"https:\/\/sirkoaba.hu\/index.php\/wp-json\/wp\/v2\/types\/page"}],"author":[{"embeddable":true,"href":"https:\/\/sirkoaba.hu\/index.php\/wp-json\/wp\/v2\/users\/2"}],"replies":[{"embeddable":true,"href":"https:\/\/sirkoaba.hu\/index.php\/wp-json\/wp\/v2\/comments?post=1049"}],"version-history":[{"count":1,"href":"https:\/\/sirkoaba.hu\/index.php\/wp-json\/wp\/v2\/pages\/1049\/revisions"}],"predecessor-version":[{"id":1050,"href":"https:\/\/sirkoaba.hu\/index.php\/wp-json\/wp\/v2\/pages\/1049\/revisions\/1050"}],"wp:attachment":[{"href":"https:\/\/sirkoaba.hu\/index.php\/wp-json\/wp\/v2\/media?parent=1049"}],"curies":[{"name":"wp","href":"https:\/\/api.w.org\/{rel}","templated":true}]}}