{"id":1234,"date":"2025-11-03T23:51:58","date_gmt":"2025-11-03T22:51:58","guid":{"rendered":"https:\/\/sirkoaba.hu\/?page_id=1234"},"modified":"2026-03-27T22:07:17","modified_gmt":"2026-03-27T21:07:17","slug":"geppark","status":"publish","type":"page","link":"https:\/\/sirkoaba.hu\/index.php\/geppark\/","title":{"rendered":"G\u00e9ppark"},"content":{"rendered":"\n<div class=\"wp-block-media-text is-stacked-on-mobile\"><figure class=\"wp-block-media-text__media\"><\/figure><div class=\"wp-block-media-text__content\">\n<p>Denver Skema h\u00eddv\u00e1g\u00f3g\u00e9p,         \u00c9vj\u00e1rat:2012<\/p>\n<\/div><\/div>\n\n\n\n<div class=\"wp-block-media-text is-stacked-on-mobile\"><figure class=\"wp-block-media-text__media\"><img loading=\"lazy\" decoding=\"async\" width=\"1024\" height=\"526\" src=\"https:\/\/sirkoaba.hu\/wp-content\/uploads\/2025\/11\/Kepernyokep-2025-11-05-000530-1024x526.png\" alt=\"\" class=\"wp-image-1258 size-full\" srcset=\"https:\/\/sirkoaba.hu\/wp-content\/uploads\/2025\/11\/Kepernyokep-2025-11-05-000530-1024x526.png 1024w, https:\/\/sirkoaba.hu\/wp-content\/uploads\/2025\/11\/Kepernyokep-2025-11-05-000530-768x395.png 768w, https:\/\/sirkoaba.hu\/wp-content\/uploads\/2025\/11\/Kepernyokep-2025-11-05-000530.png 1195w\" sizes=\"(max-width: 1024px) 100vw, 1024px\" \/><\/figure><div class=\"wp-block-media-text__content\">\n<p>Commandulli Omega 100, \u00c9lcsiszol\u00f3 g\u00e9p. \u00c9vj\u00e1rat: 2002<\/p>\n<\/div><\/div>\n\n\n\n<div class=\"wp-block-media-text is-stacked-on-mobile\"><figure class=\"wp-block-media-text__media\"><img loading=\"lazy\" decoding=\"async\" width=\"895\" height=\"651\" src=\"https:\/\/sirkoaba.hu\/wp-content\/uploads\/2025\/11\/Kepernyokep-2025-11-04-232802.png\" alt=\"\" class=\"wp-image-1254 size-full\" srcset=\"https:\/\/sirkoaba.hu\/wp-content\/uploads\/2025\/11\/Kepernyokep-2025-11-04-232802.png 895w, https:\/\/sirkoaba.hu\/wp-content\/uploads\/2025\/11\/Kepernyokep-2025-11-04-232802-768x559.png 768w\" sizes=\"(max-width: 895px) 100vw, 895px\" \/><\/figure><div class=\"wp-block-media-text__content\">\n<p>Promasz B1PK-14.0-2000.2S, \u00c9lcsiszol\u00f3 g\u00e9p. \u00c9vj\u00e1rat:2024<\/p>\n<\/div><\/div>\n\n\n\n<div class=\"wp-block-media-text is-stacked-on-mobile\"><figure class=\"wp-block-media-text__media\"><img loading=\"lazy\" decoding=\"async\" width=\"1010\" height=\"591\" src=\"https:\/\/sirkoaba.hu\/wp-content\/uploads\/2025\/11\/Kepernyokep-2025-11-04-234016.png\" alt=\"\" class=\"wp-image-1256 size-full\" srcset=\"https:\/\/sirkoaba.hu\/wp-content\/uploads\/2025\/11\/Kepernyokep-2025-11-04-234016.png 1010w, https:\/\/sirkoaba.hu\/wp-content\/uploads\/2025\/11\/Kepernyokep-2025-11-04-234016-768x449.png 768w\" sizes=\"(max-width: 1010px) 100vw, 1010px\" \/><\/figure><div class=\"wp-block-media-text__content\">\n<p>Motomann<\/p>\n<\/div><\/div>\n\n\n\n<div class=\"wp-block-media-text is-stacked-on-mobile\"><figure class=\"wp-block-media-text__media\"><\/figure><div class=\"wp-block-media-text__content\">\n<p>Karos csiszol\u00f3<\/p>\n<\/div><\/div>\n\n\n\n<div class=\"wp-block-media-text is-stacked-on-mobile\"><figure class=\"wp-block-media-text__media\"><\/figure><div class=\"wp-block-media-text__content\">\n<p>Karos csiszol\u00f3<\/p>\n<\/div><\/div>\n\n\n\n<div class=\"wp-block-media-text is-stacked-on-mobile\"><figure class=\"wp-block-media-text__media\"><img loading=\"lazy\" decoding=\"async\" width=\"1024\" height=\"566\" src=\"https:\/\/sirkoaba.hu\/wp-content\/uploads\/2025\/11\/Kepernyokep-2025-11-05-000555-1024x566.png\" alt=\"\" class=\"wp-image-1257 size-full\" srcset=\"https:\/\/sirkoaba.hu\/wp-content\/uploads\/2025\/11\/Kepernyokep-2025-11-05-000555-1024x566.png 1024w, https:\/\/sirkoaba.hu\/wp-content\/uploads\/2025\/11\/Kepernyokep-2025-11-05-000555-768x424.png 768w, https:\/\/sirkoaba.hu\/wp-content\/uploads\/2025\/11\/Kepernyokep-2025-11-05-000555.png 1193w\" sizes=\"(max-width: 1024px) 100vw, 1024px\" \/><\/figure><div class=\"wp-block-media-text__content\">\n<p>Grav\u00edroz\u00f3<\/p>\n<\/div><\/div>\n\n\n\n<div class=\"wp-block-media-text is-stacked-on-mobile\"><figure class=\"wp-block-media-text__media\"><\/figure><div class=\"wp-block-media-text__content\">\n<p>Automata homokf\u00fav\u00f3<\/p>\n<\/div><\/div>\n\n\n\n<div class=\"wp-block-media-text is-stacked-on-mobile\"><figure class=\"wp-block-media-text__media\"><\/figure><div class=\"wp-block-media-text__content\">\n<p>Kompresszor<\/p>\n<\/div><\/div>\n\n\n\n<div class=\"wp-block-media-text is-stacked-on-mobile\"><figure class=\"wp-block-media-text__media\"><img loading=\"lazy\" decoding=\"async\" width=\"281\" height=\"420\" src=\"https:\/\/sirkoaba.hu\/wp-content\/uploads\/2025\/11\/Kepernyokep-2025-11-04-232233.png\" alt=\"\" class=\"wp-image-1253 size-full\"\/><\/figure><div class=\"wp-block-media-text__content\">\n<p>A-MTS 2.0 mobil homokf\u00fav\u00f3                          \u00c9vj\u00e1rat:2024 <\/p>\n<\/div><\/div>\n\n\n\n<div class=\"wp-block-media-text is-stacked-on-mobile\"><figure class=\"wp-block-media-text__media\"><img loading=\"lazy\" decoding=\"async\" width=\"529\" height=\"343\" src=\"https:\/\/sirkoaba.hu\/wp-content\/uploads\/2025\/11\/Kepernyokep-2025-11-04-232248.png\" alt=\"\" class=\"wp-image-1252 size-full\"\/><\/figure><div class=\"wp-block-media-text__content\">\n<p>PETROREX mobil benzinmotoros kompresszor \u00c9vj\u00e1rat:2024<\/p>\n<\/div><\/div>\n\n\n\n<div class=\"wp-block-media-text is-stacked-on-mobile\"><figure class=\"wp-block-media-text__media\"><\/figure><div class=\"wp-block-media-text__content\">\n<p>Jaguar III \u00e9s Jaguar V V\u00e1g\u00f3plotter<\/p>\n<\/div><\/div>\n\n\n\n<div class=\"wp-block-media-text is-stacked-on-mobile\"><figure class=\"wp-block-media-text__media\"><img loading=\"lazy\" decoding=\"async\" width=\"427\" height=\"258\" src=\"https:\/\/sirkoaba.hu\/wp-content\/uploads\/2025\/11\/Kepernyokep-2025-11-05-000936.png\" alt=\"\" class=\"wp-image-1259 size-full\"\/><\/figure><div class=\"wp-block-media-text__content\">\n<p>Mitsubishi FD35N3 Targonca      <\/p>\n\n\n\n<p>\u00c9vj\u00e1rat:2020<\/p>\n<\/div><\/div>\n\n\n\n<div class=\"wp-block-media-text is-stacked-on-mobile\"><figure class=\"wp-block-media-text__media\"><img loading=\"lazy\" decoding=\"async\" width=\"1024\" height=\"590\" src=\"https:\/\/sirkoaba.hu\/wp-content\/uploads\/2026\/03\/IMG_5028-1024x590.jpg\" alt=\"\" class=\"wp-image-1272 size-full\" srcset=\"https:\/\/sirkoaba.hu\/wp-content\/uploads\/2026\/03\/IMG_5028-1024x590.jpg 1024w, https:\/\/sirkoaba.hu\/wp-content\/uploads\/2026\/03\/IMG_5028-768x443.jpg 768w, https:\/\/sirkoaba.hu\/wp-content\/uploads\/2026\/03\/IMG_5028-1536x885.jpg 1536w, https:\/\/sirkoaba.hu\/wp-content\/uploads\/2026\/03\/IMG_5028-2048x1181.jpg 2048w\" sizes=\"(max-width: 1024px) 100vw, 1024px\" \/><\/figure><div class=\"wp-block-media-text__content\">\n<p>Alti-Tech Rockmaster CNC<\/p>\n\n\n\n<p>\u00c9vj\u00e1rat:2026<\/p>\n<\/div><\/div>\n","protected":false},"excerpt":{"rendered":"<p>Denver Skema h\u00eddv\u00e1g\u00f3g\u00e9p, \u00c9vj\u00e1rat:2012 Commandulli Omega 100, \u00c9lcsiszol\u00f3 g\u00e9p. \u00c9vj\u00e1rat: 2002 Promasz B1PK-14.0-2000.2S, \u00c9lcsiszol\u00f3 g\u00e9p. \u00c9vj\u00e1rat:2024 Motomann Karos csiszol\u00f3 Karos csiszol\u00f3 Grav\u00edroz\u00f3 Automata homokf\u00fav\u00f3 Kompresszor&hellip;<\/p>\n","protected":false},"author":2,"featured_media":0,"parent":0,"menu_order":0,"comment_status":"closed","ping_status":"closed","template":"","meta":{"footnotes":""},"class_list":["post-1234","page","type-page","status-publish","hentry"],"jetpack_sharing_enabled":true,"_links":{"self":[{"href":"https:\/\/sirkoaba.hu\/index.php\/wp-json\/wp\/v2\/pages\/1234"}],"collection":[{"href":"https:\/\/sirkoaba.hu\/index.php\/wp-json\/wp\/v2\/pages"}],"about":[{"href":"https:\/\/sirkoaba.hu\/index.php\/wp-json\/wp\/v2\/types\/page"}],"author":[{"embeddable":true,"href":"https:\/\/sirkoaba.hu\/index.php\/wp-json\/wp\/v2\/users\/2"}],"replies":[{"embeddable":true,"href":"https:\/\/sirkoaba.hu\/index.php\/wp-json\/wp\/v2\/comments?post=1234"}],"version-history":[{"count":4,"href":"https:\/\/sirkoaba.hu\/index.php\/wp-json\/wp\/v2\/pages\/1234\/revisions"}],"predecessor-version":[{"id":1273,"href":"https:\/\/sirkoaba.hu\/index.php\/wp-json\/wp\/v2\/pages\/1234\/revisions\/1273"}],"wp:attachment":[{"href":"https:\/\/sirkoaba.hu\/index.php\/wp-json\/wp\/v2\/media?parent=1234"}],"curies":[{"name":"wp","href":"https:\/\/api.w.org\/{rel}","templated":true}]}}