{"id":1237,"date":"2025-11-03T23:52:25","date_gmt":"2025-11-03T22:52:25","guid":{"rendered":"https:\/\/sirkoaba.hu\/?page_id=1237"},"modified":"2026-03-27T22:16:14","modified_gmt":"2026-03-27T21:16:14","slug":"urnafal","status":"publish","type":"page","link":"https:\/\/sirkoaba.hu\/index.php\/urnafal\/","title":{"rendered":"\u00darnafal"},"content":{"rendered":"\n<p>2db 12 f\u00e9r\u0151helyes m\u0171k\u0151 \u00farnafal New Angola gr\u00e1nit z\u00e1r\u00f3lapokkal<\/p>\n\n\n\n<figure class=\"wp-block-gallery has-nested-images columns-default is-cropped wp-block-gallery-1 is-layout-flex wp-block-gallery-is-layout-flex\">\n<figure class=\"wp-block-image size-large\"><img loading=\"lazy\" decoding=\"async\" width=\"768\" height=\"1024\" data-id=\"1245\" src=\"https:\/\/sirkoaba.hu\/wp-content\/uploads\/2025\/11\/2-768x1024.jpg\" alt=\"\" class=\"wp-image-1245\" srcset=\"https:\/\/sirkoaba.hu\/wp-content\/uploads\/2025\/11\/2-768x1024.jpg 768w, https:\/\/sirkoaba.hu\/wp-content\/uploads\/2025\/11\/2-1152x1536.jpg 1152w, https:\/\/sirkoaba.hu\/wp-content\/uploads\/2025\/11\/2-1536x2048.jpg 1536w, https:\/\/sirkoaba.hu\/wp-content\/uploads\/2025\/11\/2-scaled.jpg 1920w\" sizes=\"(max-width: 768px) 100vw, 768px\" \/><\/figure>\n\n\n\n<figure class=\"wp-block-image size-large\"><img loading=\"lazy\" decoding=\"async\" width=\"768\" height=\"1024\" data-id=\"1247\" src=\"https:\/\/sirkoaba.hu\/wp-content\/uploads\/2025\/11\/1-768x1024.jpg\" alt=\"\" class=\"wp-image-1247\" srcset=\"https:\/\/sirkoaba.hu\/wp-content\/uploads\/2025\/11\/1-768x1024.jpg 768w, https:\/\/sirkoaba.hu\/wp-content\/uploads\/2025\/11\/1-1152x1536.jpg 1152w, https:\/\/sirkoaba.hu\/wp-content\/uploads\/2025\/11\/1-1536x2048.jpg 1536w, https:\/\/sirkoaba.hu\/wp-content\/uploads\/2025\/11\/1-scaled.jpg 1920w\" sizes=\"(max-width: 768px) 100vw, 768px\" \/><\/figure>\n\n\n\n<figure class=\"wp-block-image size-large\"><img loading=\"lazy\" decoding=\"async\" width=\"768\" height=\"1024\" data-id=\"1246\" src=\"https:\/\/sirkoaba.hu\/wp-content\/uploads\/2025\/11\/3-768x1024.jpg\" alt=\"\" class=\"wp-image-1246\" srcset=\"https:\/\/sirkoaba.hu\/wp-content\/uploads\/2025\/11\/3-768x1024.jpg 768w, https:\/\/sirkoaba.hu\/wp-content\/uploads\/2025\/11\/3-1152x1536.jpg 1152w, https:\/\/sirkoaba.hu\/wp-content\/uploads\/2025\/11\/3-1536x2048.jpg 1536w, https:\/\/sirkoaba.hu\/wp-content\/uploads\/2025\/11\/3-scaled.jpg 1920w\" sizes=\"(max-width: 768px) 100vw, 768px\" \/><\/figure>\n<\/figure>\n\n\n\n<figure class=\"wp-block-image size-full is-resized\"><img loading=\"lazy\" decoding=\"async\" width=\"914\" height=\"830\" src=\"https:\/\/sirkoaba.hu\/wp-content\/uploads\/2025\/11\/Kepernyokep-2025-11-04-233655.png\" alt=\"\" class=\"wp-image-1261\" style=\"width:463px;height:auto\" srcset=\"https:\/\/sirkoaba.hu\/wp-content\/uploads\/2025\/11\/Kepernyokep-2025-11-04-233655.png 914w, https:\/\/sirkoaba.hu\/wp-content\/uploads\/2025\/11\/Kepernyokep-2025-11-04-233655-768x697.png 768w\" sizes=\"(max-width: 914px) 100vw, 914px\" \/><\/figure>\n\n\n\n<p><\/p>\n\n\n\n<figure class=\"wp-block-gallery has-nested-images columns-default is-cropped wp-block-gallery-2 is-layout-flex wp-block-gallery-is-layout-flex\">\n<figure class=\"wp-block-image size-large\"><img loading=\"lazy\" decoding=\"async\" width=\"819\" height=\"1024\" data-id=\"1275\" src=\"https:\/\/sirkoaba.hu\/wp-content\/uploads\/2026\/03\/649967641_1511656964294534_5991705042303804972_n-819x1024.jpg\" alt=\"\" class=\"wp-image-1275\" srcset=\"https:\/\/sirkoaba.hu\/wp-content\/uploads\/2026\/03\/649967641_1511656964294534_5991705042303804972_n-819x1024.jpg 819w, https:\/\/sirkoaba.hu\/wp-content\/uploads\/2026\/03\/649967641_1511656964294534_5991705042303804972_n-768x961.jpg 768w, https:\/\/sirkoaba.hu\/wp-content\/uploads\/2026\/03\/649967641_1511656964294534_5991705042303804972_n.jpg 1080w\" sizes=\"(max-width: 819px) 100vw, 819px\" \/><\/figure>\n\n\n\n<figure class=\"wp-block-image size-large\"><img loading=\"lazy\" decoding=\"async\" width=\"819\" height=\"1024\" data-id=\"1276\" src=\"https:\/\/sirkoaba.hu\/wp-content\/uploads\/2026\/03\/649697937_1511656940961203_6435097275693978983_n-819x1024.jpg\" alt=\"\" class=\"wp-image-1276\" srcset=\"https:\/\/sirkoaba.hu\/wp-content\/uploads\/2026\/03\/649697937_1511656940961203_6435097275693978983_n-819x1024.jpg 819w, https:\/\/sirkoaba.hu\/wp-content\/uploads\/2026\/03\/649697937_1511656940961203_6435097275693978983_n-768x961.jpg 768w, https:\/\/sirkoaba.hu\/wp-content\/uploads\/2026\/03\/649697937_1511656940961203_6435097275693978983_n.jpg 1080w\" sizes=\"(max-width: 819px) 100vw, 819px\" \/><\/figure>\n<figcaption class=\"blocks-gallery-caption wp-element-caption\">2db 24 f\u00e9r\u0151helyes \u00farnafal Denver Blue gr\u00e1nitb\u00f3l,<br> New Angola gr\u00e1nit z\u00e1r\u00f3lapokkal<\/figcaption><\/figure>\n","protected":false},"excerpt":{"rendered":"<p>2db 12 f\u00e9r\u0151helyes m\u0171k\u0151 \u00farnafal New Angola gr\u00e1nit z\u00e1r\u00f3lapokkal<\/p>\n","protected":false},"author":2,"featured_media":0,"parent":0,"menu_order":0,"comment_status":"closed","ping_status":"closed","template":"","meta":{"footnotes":""},"class_list":["post-1237","page","type-page","status-publish","hentry"],"jetpack_sharing_enabled":true,"_links":{"self":[{"href":"https:\/\/sirkoaba.hu\/index.php\/wp-json\/wp\/v2\/pages\/1237"}],"collection":[{"href":"https:\/\/sirkoaba.hu\/index.php\/wp-json\/wp\/v2\/pages"}],"about":[{"href":"https:\/\/sirkoaba.hu\/index.php\/wp-json\/wp\/v2\/types\/page"}],"author":[{"embeddable":true,"href":"https:\/\/sirkoaba.hu\/index.php\/wp-json\/wp\/v2\/users\/2"}],"replies":[{"embeddable":true,"href":"https:\/\/sirkoaba.hu\/index.php\/wp-json\/wp\/v2\/comments?post=1237"}],"version-history":[{"count":5,"href":"https:\/\/sirkoaba.hu\/index.php\/wp-json\/wp\/v2\/pages\/1237\/revisions"}],"predecessor-version":[{"id":1277,"href":"https:\/\/sirkoaba.hu\/index.php\/wp-json\/wp\/v2\/pages\/1237\/revisions\/1277"}],"wp:attachment":[{"href":"https:\/\/sirkoaba.hu\/index.php\/wp-json\/wp\/v2\/media?parent=1237"}],"curies":[{"name":"wp","href":"https:\/\/api.w.org\/{rel}","templated":true}]}}