{"id":141,"date":"2021-03-04T17:30:20","date_gmt":"2021-03-04T16:30:20","guid":{"rendered":"http:\/\/sirkoaba.hu\/?page_id=141"},"modified":"2026-03-27T22:18:28","modified_gmt":"2026-03-27T21:18:28","slug":"granit","status":"publish","type":"page","link":"https:\/\/sirkoaba.hu\/index.php\/granit\/","title":{"rendered":"Gr\u00e1nit"},"content":{"rendered":"\n<p>A gr\u00e1nit term\u00e9szetes anyag melyet a term\u00e9szet alkotott. <\/p>\n\n\n\n<figure class=\"wp-block-image size-large\"><img loading=\"lazy\" decoding=\"async\" width=\"1024\" height=\"742\" src=\"https:\/\/sirkoaba.hu\/wp-content\/uploads\/2021\/03\/IMG_1686-3-1024x742.jpg\" alt=\"\" class=\"wp-image-224\" srcset=\"https:\/\/sirkoaba.hu\/wp-content\/uploads\/2021\/03\/IMG_1686-3-1024x742.jpg 1024w, https:\/\/sirkoaba.hu\/wp-content\/uploads\/2021\/03\/IMG_1686-3-300x217.jpg 300w, https:\/\/sirkoaba.hu\/wp-content\/uploads\/2021\/03\/IMG_1686-3-768x557.jpg 768w, https:\/\/sirkoaba.hu\/wp-content\/uploads\/2021\/03\/IMG_1686-3-1536x1113.jpg 1536w, https:\/\/sirkoaba.hu\/wp-content\/uploads\/2021\/03\/IMG_1686-3-2048x1484.jpg 2048w\" sizes=\"(max-width: 1024px) 100vw, 1024px\" \/><figcaption class=\"wp-element-caption\">Giallo California gr\u00e1nit<\/figcaption><\/figure>\n\n\n\n<figure class=\"wp-block-image size-large\"><img loading=\"lazy\" decoding=\"async\" width=\"959\" height=\"1024\" src=\"https:\/\/sirkoaba.hu\/wp-content\/uploads\/2021\/03\/IMG_1709-5-959x1024.jpg\" alt=\"\" class=\"wp-image-227\" srcset=\"https:\/\/sirkoaba.hu\/wp-content\/uploads\/2021\/03\/IMG_1709-5-959x1024.jpg 959w, https:\/\/sirkoaba.hu\/wp-content\/uploads\/2021\/03\/IMG_1709-5-281x300.jpg 281w, https:\/\/sirkoaba.hu\/wp-content\/uploads\/2021\/03\/IMG_1709-5-768x820.jpg 768w, https:\/\/sirkoaba.hu\/wp-content\/uploads\/2021\/03\/IMG_1709-5-1438x1536.jpg 1438w, https:\/\/sirkoaba.hu\/wp-content\/uploads\/2021\/03\/IMG_1709-5-1918x2048.jpg 1918w\" sizes=\"(max-width: 959px) 100vw, 959px\" \/><figcaption class=\"wp-element-caption\">Denver Blue gr\u00e1nit<br \/><\/figcaption><\/figure>\n\n\n\n<figure class=\"wp-block-image size-large\"><img loading=\"lazy\" decoding=\"async\" width=\"1024\" height=\"826\" src=\"https:\/\/sirkoaba.hu\/wp-content\/uploads\/2021\/03\/IMG_1701-2-1024x826.jpg\" alt=\"\" class=\"wp-image-229\" srcset=\"https:\/\/sirkoaba.hu\/wp-content\/uploads\/2021\/03\/IMG_1701-2-1024x826.jpg 1024w, https:\/\/sirkoaba.hu\/wp-content\/uploads\/2021\/03\/IMG_1701-2-300x242.jpg 300w, https:\/\/sirkoaba.hu\/wp-content\/uploads\/2021\/03\/IMG_1701-2-768x619.jpg 768w, https:\/\/sirkoaba.hu\/wp-content\/uploads\/2021\/03\/IMG_1701-2-1536x1239.jpg 1536w, https:\/\/sirkoaba.hu\/wp-content\/uploads\/2021\/03\/IMG_1701-2-2048x1652.jpg 2048w\" sizes=\"(max-width: 1024px) 100vw, 1024px\" \/><figcaption class=\"wp-element-caption\">Rosa Beta gr\u00e1nit<\/figcaption><\/figure>\n\n\n\n<figure class=\"wp-block-image size-large\"><img loading=\"lazy\" decoding=\"async\" width=\"1024\" height=\"714\" src=\"https:\/\/sirkoaba.hu\/wp-content\/uploads\/2021\/03\/IMG_1689-1024x714.jpg\" alt=\"\" class=\"wp-image-252\" srcset=\"https:\/\/sirkoaba.hu\/wp-content\/uploads\/2021\/03\/IMG_1689-1024x714.jpg 1024w, https:\/\/sirkoaba.hu\/wp-content\/uploads\/2021\/03\/IMG_1689-300x209.jpg 300w, https:\/\/sirkoaba.hu\/wp-content\/uploads\/2021\/03\/IMG_1689-768x535.jpg 768w, https:\/\/sirkoaba.hu\/wp-content\/uploads\/2021\/03\/IMG_1689-1536x1071.jpg 1536w, https:\/\/sirkoaba.hu\/wp-content\/uploads\/2021\/03\/IMG_1689-2048x1428.jpg 2048w\" sizes=\"(max-width: 1024px) 100vw, 1024px\" \/><figcaption class=\"wp-element-caption\">Verde Marina gr\u00e1nit<\/figcaption><\/figure>\n\n\n\n<figure class=\"wp-block-image size-large\"><img loading=\"lazy\" decoding=\"async\" width=\"1024\" height=\"889\" src=\"https:\/\/sirkoaba.hu\/wp-content\/uploads\/2021\/03\/IMG_1705-1024x889.jpg\" alt=\"\" class=\"wp-image-255\" srcset=\"https:\/\/sirkoaba.hu\/wp-content\/uploads\/2021\/03\/IMG_1705-1024x889.jpg 1024w, https:\/\/sirkoaba.hu\/wp-content\/uploads\/2021\/03\/IMG_1705-300x261.jpg 300w, https:\/\/sirkoaba.hu\/wp-content\/uploads\/2021\/03\/IMG_1705-768x667.jpg 768w, https:\/\/sirkoaba.hu\/wp-content\/uploads\/2021\/03\/IMG_1705-1536x1334.jpg 1536w, https:\/\/sirkoaba.hu\/wp-content\/uploads\/2021\/03\/IMG_1705-2048x1779.jpg 2048w\" sizes=\"(max-width: 1024px) 100vw, 1024px\" \/><figcaption class=\"wp-element-caption\">Labrador Blue Gt gr\u00e1nit<\/figcaption><\/figure>\n\n\n\n<p><\/p>\n\n\n\n<figure class=\"wp-block-image size-large\"><img loading=\"lazy\" decoding=\"async\" width=\"802\" height=\"1024\" src=\"https:\/\/sirkoaba.hu\/wp-content\/uploads\/2021\/03\/IMG_20210312_094140-802x1024.jpg\" alt=\"\" class=\"wp-image-458\" srcset=\"https:\/\/sirkoaba.hu\/wp-content\/uploads\/2021\/03\/IMG_20210312_094140-802x1024.jpg 802w, https:\/\/sirkoaba.hu\/wp-content\/uploads\/2021\/03\/IMG_20210312_094140-235x300.jpg 235w, https:\/\/sirkoaba.hu\/wp-content\/uploads\/2021\/03\/IMG_20210312_094140-768x981.jpg 768w, https:\/\/sirkoaba.hu\/wp-content\/uploads\/2021\/03\/IMG_20210312_094140-1203x1536.jpg 1203w, https:\/\/sirkoaba.hu\/wp-content\/uploads\/2021\/03\/IMG_20210312_094140-1604x2048.jpg 1604w, https:\/\/sirkoaba.hu\/wp-content\/uploads\/2021\/03\/IMG_20210312_094140-scaled.jpg 2005w\" sizes=\"(max-width: 802px) 100vw, 802px\" \/><figcaption class=\"wp-element-caption\">Schivakashi gr\u00e1nit <\/figcaption><\/figure>\n\n\n\n<figure class=\"wp-block-image size-large\"><img loading=\"lazy\" decoding=\"async\" width=\"1024\" height=\"1014\" src=\"https:\/\/sirkoaba.hu\/wp-content\/uploads\/2021\/03\/IMG_20210312_094445-1024x1014.jpg\" alt=\"\" class=\"wp-image-464\" srcset=\"https:\/\/sirkoaba.hu\/wp-content\/uploads\/2021\/03\/IMG_20210312_094445-1024x1014.jpg 1024w, https:\/\/sirkoaba.hu\/wp-content\/uploads\/2021\/03\/IMG_20210312_094445-300x297.jpg 300w, https:\/\/sirkoaba.hu\/wp-content\/uploads\/2021\/03\/IMG_20210312_094445-150x150.jpg 150w, https:\/\/sirkoaba.hu\/wp-content\/uploads\/2021\/03\/IMG_20210312_094445-768x761.jpg 768w, https:\/\/sirkoaba.hu\/wp-content\/uploads\/2021\/03\/IMG_20210312_094445-1536x1521.jpg 1536w, https:\/\/sirkoaba.hu\/wp-content\/uploads\/2021\/03\/IMG_20210312_094445.jpg 1541w\" sizes=\"(max-width: 1024px) 100vw, 1024px\" \/><figcaption class=\"wp-element-caption\">Multicolor gr\u00e1nit <\/figcaption><\/figure>\n\n\n\n<figure class=\"wp-block-image size-large\"><img loading=\"lazy\" decoding=\"async\" width=\"1024\" height=\"579\" src=\"https:\/\/sirkoaba.hu\/wp-content\/uploads\/2021\/03\/IMG_20210312_094909-1024x579.jpg\" alt=\"\" class=\"wp-image-466\" srcset=\"https:\/\/sirkoaba.hu\/wp-content\/uploads\/2021\/03\/IMG_20210312_094909-1024x579.jpg 1024w, https:\/\/sirkoaba.hu\/wp-content\/uploads\/2021\/03\/IMG_20210312_094909-300x170.jpg 300w, https:\/\/sirkoaba.hu\/wp-content\/uploads\/2021\/03\/IMG_20210312_094909-768x434.jpg 768w, https:\/\/sirkoaba.hu\/wp-content\/uploads\/2021\/03\/IMG_20210312_094909-1536x868.jpg 1536w, https:\/\/sirkoaba.hu\/wp-content\/uploads\/2021\/03\/IMG_20210312_094909-2048x1158.jpg 2048w\" sizes=\"(max-width: 1024px) 100vw, 1024px\" \/><figcaption class=\"wp-element-caption\">Paradiso gr\u00e1nit <\/figcaption><\/figure>\n\n\n\n<figure class=\"wp-block-image size-large\"><img loading=\"lazy\" decoding=\"async\" width=\"1024\" height=\"467\" src=\"https:\/\/sirkoaba.hu\/wp-content\/uploads\/2021\/03\/IMG_20210312_094410-1024x467.jpg\" alt=\"\" class=\"wp-image-468\" srcset=\"https:\/\/sirkoaba.hu\/wp-content\/uploads\/2021\/03\/IMG_20210312_094410-1024x467.jpg 1024w, https:\/\/sirkoaba.hu\/wp-content\/uploads\/2021\/03\/IMG_20210312_094410-300x137.jpg 300w, https:\/\/sirkoaba.hu\/wp-content\/uploads\/2021\/03\/IMG_20210312_094410-768x351.jpg 768w, https:\/\/sirkoaba.hu\/wp-content\/uploads\/2021\/03\/IMG_20210312_094410-1536x701.jpg 1536w, https:\/\/sirkoaba.hu\/wp-content\/uploads\/2021\/03\/IMG_20210312_094410-2048x935.jpg 2048w\" sizes=\"(max-width: 1024px) 100vw, 1024px\" \/><figcaption class=\"wp-element-caption\">Impala gr\u00e1nit <\/figcaption><\/figure>\n\n\n\n<figure class=\"wp-block-image size-full\"><img loading=\"lazy\" decoding=\"async\" width=\"768\" height=\"480\" src=\"https:\/\/sirkoaba.hu\/wp-content\/uploads\/2023\/06\/img_2584-768x1024-1-edited.jpg\" alt=\"\" class=\"wp-image-1067\"\/><figcaption class=\"wp-element-caption\">Azul Noche gr\u00e1nit<\/figcaption><\/figure>\n\n\n\n<p><\/p>\n\n\n\n\n","protected":false},"excerpt":{"rendered":"<p>A gr\u00e1nit term\u00e9szetes anyag melyet a term\u00e9szet alkotott. Giallo California gr\u00e1nit Denver Blue gr\u00e1nit Rosa Beta gr\u00e1nit Verde Marina gr\u00e1nit Labrador Blue Gt gr\u00e1nit Schivakashi&hellip;<\/p>\n","protected":false},"author":2,"featured_media":0,"parent":0,"menu_order":0,"comment_status":"closed","ping_status":"closed","template":"","meta":{"footnotes":""},"class_list":["post-141","page","type-page","status-publish","hentry"],"jetpack_sharing_enabled":true,"_links":{"self":[{"href":"https:\/\/sirkoaba.hu\/index.php\/wp-json\/wp\/v2\/pages\/141"}],"collection":[{"href":"https:\/\/sirkoaba.hu\/index.php\/wp-json\/wp\/v2\/pages"}],"about":[{"href":"https:\/\/sirkoaba.hu\/index.php\/wp-json\/wp\/v2\/types\/page"}],"author":[{"embeddable":true,"href":"https:\/\/sirkoaba.hu\/index.php\/wp-json\/wp\/v2\/users\/2"}],"replies":[{"embeddable":true,"href":"https:\/\/sirkoaba.hu\/index.php\/wp-json\/wp\/v2\/comments?post=141"}],"version-history":[{"count":16,"href":"https:\/\/sirkoaba.hu\/index.php\/wp-json\/wp\/v2\/pages\/141\/revisions"}],"predecessor-version":[{"id":1278,"href":"https:\/\/sirkoaba.hu\/index.php\/wp-json\/wp\/v2\/pages\/141\/revisions\/1278"}],"wp:attachment":[{"href":"https:\/\/sirkoaba.hu\/index.php\/wp-json\/wp\/v2\/media?parent=141"}],"curies":[{"name":"wp","href":"https:\/\/api.w.org\/{rel}","templated":true}]}}