{"id":183,"date":"2021-03-04T21:57:39","date_gmt":"2021-03-04T20:57:39","guid":{"rendered":"http:\/\/sirkoaba.hu\/?page_id=183"},"modified":"2021-03-04T22:48:42","modified_gmt":"2021-03-04T21:48:42","slug":"2019-2","status":"publish","type":"page","link":"https:\/\/sirkoaba.hu\/index.php\/2019-2\/","title":{"rendered":"2019"},"content":{"rendered":"\n<figure class=\"wp-block-gallery columns-3 is-cropped wp-block-gallery-1 is-layout-flex wp-block-gallery-is-layout-flex\"><ul class=\"blocks-gallery-grid\"><li class=\"blocks-gallery-item\"><figure><img loading=\"lazy\" decoding=\"async\" width=\"733\" height=\"1024\" src=\"https:\/\/sirkoaba.hu\/wp-content\/uploads\/2021\/03\/IMG_20190928_100346-733x1024.jpg\" alt=\"\" data-id=\"193\" data-link=\"https:\/\/sirkoaba.hu\/index.php\/2019-2\/img_20190928_100346\/\" class=\"wp-image-193\" srcset=\"https:\/\/sirkoaba.hu\/wp-content\/uploads\/2021\/03\/IMG_20190928_100346-733x1024.jpg 733w, https:\/\/sirkoaba.hu\/wp-content\/uploads\/2021\/03\/IMG_20190928_100346-215x300.jpg 215w, https:\/\/sirkoaba.hu\/wp-content\/uploads\/2021\/03\/IMG_20190928_100346-768x1073.jpg 768w, https:\/\/sirkoaba.hu\/wp-content\/uploads\/2021\/03\/IMG_20190928_100346-1099x1536.jpg 1099w, https:\/\/sirkoaba.hu\/wp-content\/uploads\/2021\/03\/IMG_20190928_100346-1466x2048.jpg 1466w, https:\/\/sirkoaba.hu\/wp-content\/uploads\/2021\/03\/IMG_20190928_100346-scaled.jpg 1832w\" sizes=\"(max-width: 733px) 100vw, 733px\" \/><\/figure><\/li><li class=\"blocks-gallery-item\"><figure><img loading=\"lazy\" decoding=\"async\" width=\"539\" height=\"1024\" src=\"https:\/\/sirkoaba.hu\/wp-content\/uploads\/2021\/03\/IMG_20190928_105957-539x1024.jpg\" alt=\"\" data-id=\"195\" data-link=\"https:\/\/sirkoaba.hu\/index.php\/2019-2\/img_20190928_105957\/\" class=\"wp-image-195\" srcset=\"https:\/\/sirkoaba.hu\/wp-content\/uploads\/2021\/03\/IMG_20190928_105957-539x1024.jpg 539w, https:\/\/sirkoaba.hu\/wp-content\/uploads\/2021\/03\/IMG_20190928_105957-158x300.jpg 158w, https:\/\/sirkoaba.hu\/wp-content\/uploads\/2021\/03\/IMG_20190928_105957-768x1458.jpg 768w, https:\/\/sirkoaba.hu\/wp-content\/uploads\/2021\/03\/IMG_20190928_105957-809x1536.jpg 809w, https:\/\/sirkoaba.hu\/wp-content\/uploads\/2021\/03\/IMG_20190928_105957-1079x2048.jpg 1079w, https:\/\/sirkoaba.hu\/wp-content\/uploads\/2021\/03\/IMG_20190928_105957-scaled.jpg 1349w\" sizes=\"(max-width: 539px) 100vw, 539px\" \/><\/figure><\/li><li class=\"blocks-gallery-item\"><figure><img loading=\"lazy\" decoding=\"async\" width=\"717\" height=\"1024\" src=\"https:\/\/sirkoaba.hu\/wp-content\/uploads\/2021\/03\/IMG_20190928_110000-717x1024.jpg\" alt=\"\" data-id=\"200\" data-full-url=\"https:\/\/sirkoaba.hu\/wp-content\/uploads\/2021\/03\/IMG_20190928_110000.jpg\" data-link=\"https:\/\/sirkoaba.hu\/index.php\/2019-2\/img_20190928_110000\/\" class=\"wp-image-200\" srcset=\"https:\/\/sirkoaba.hu\/wp-content\/uploads\/2021\/03\/IMG_20190928_110000-717x1024.jpg 717w, https:\/\/sirkoaba.hu\/wp-content\/uploads\/2021\/03\/IMG_20190928_110000-210x300.jpg 210w, https:\/\/sirkoaba.hu\/wp-content\/uploads\/2021\/03\/IMG_20190928_110000-768x1097.jpg 768w, https:\/\/sirkoaba.hu\/wp-content\/uploads\/2021\/03\/IMG_20190928_110000-1075x1536.jpg 1075w, https:\/\/sirkoaba.hu\/wp-content\/uploads\/2021\/03\/IMG_20190928_110000-1434x2048.jpg 1434w, https:\/\/sirkoaba.hu\/wp-content\/uploads\/2021\/03\/IMG_20190928_110000.jpg 1613w\" sizes=\"(max-width: 717px) 100vw, 717px\" \/><\/figure><\/li><li class=\"blocks-gallery-item\"><figure><img loading=\"lazy\" decoding=\"async\" width=\"1024\" height=\"723\" src=\"https:\/\/sirkoaba.hu\/wp-content\/uploads\/2021\/03\/IMG_20190928_143929-1024x723.jpg\" alt=\"\" data-id=\"196\" data-link=\"https:\/\/sirkoaba.hu\/index.php\/2019-2\/img_20190928_143929\/\" class=\"wp-image-196\" srcset=\"https:\/\/sirkoaba.hu\/wp-content\/uploads\/2021\/03\/IMG_20190928_143929-1024x723.jpg 1024w, https:\/\/sirkoaba.hu\/wp-content\/uploads\/2021\/03\/IMG_20190928_143929-300x212.jpg 300w, https:\/\/sirkoaba.hu\/wp-content\/uploads\/2021\/03\/IMG_20190928_143929-768x542.jpg 768w, https:\/\/sirkoaba.hu\/wp-content\/uploads\/2021\/03\/IMG_20190928_143929-1536x1084.jpg 1536w, https:\/\/sirkoaba.hu\/wp-content\/uploads\/2021\/03\/IMG_20190928_143929-2048x1446.jpg 2048w\" sizes=\"(max-width: 1024px) 100vw, 1024px\" \/><\/figure><\/li><li class=\"blocks-gallery-item\"><figure><img loading=\"lazy\" decoding=\"async\" width=\"1024\" height=\"514\" src=\"https:\/\/sirkoaba.hu\/wp-content\/uploads\/2021\/03\/IMG_20190928_100331-1024x514.jpg\" alt=\"\" data-id=\"192\" data-link=\"https:\/\/sirkoaba.hu\/index.php\/2019-2\/img_20190928_100331\/\" class=\"wp-image-192\" srcset=\"https:\/\/sirkoaba.hu\/wp-content\/uploads\/2021\/03\/IMG_20190928_100331-1024x514.jpg 1024w, https:\/\/sirkoaba.hu\/wp-content\/uploads\/2021\/03\/IMG_20190928_100331-300x151.jpg 300w, https:\/\/sirkoaba.hu\/wp-content\/uploads\/2021\/03\/IMG_20190928_100331-768x385.jpg 768w, https:\/\/sirkoaba.hu\/wp-content\/uploads\/2021\/03\/IMG_20190928_100331-1536x771.jpg 1536w, https:\/\/sirkoaba.hu\/wp-content\/uploads\/2021\/03\/IMG_20190928_100331-2048x1028.jpg 2048w\" sizes=\"(max-width: 1024px) 100vw, 1024px\" \/><\/figure><\/li><\/ul><figcaption class=\"blocks-gallery-caption\">Verona 2019 Szakmai ki\u00e1ll\u00edt\u00e1s p\u00e1r k\u00e9pben<\/figcaption><\/figure>\n","protected":false},"excerpt":{"rendered":"","protected":false},"author":2,"featured_media":0,"parent":0,"menu_order":0,"comment_status":"closed","ping_status":"closed","template":"","meta":{"footnotes":""},"class_list":["post-183","page","type-page","status-publish","hentry"],"jetpack_sharing_enabled":true,"_links":{"self":[{"href":"https:\/\/sirkoaba.hu\/index.php\/wp-json\/wp\/v2\/pages\/183"}],"collection":[{"href":"https:\/\/sirkoaba.hu\/index.php\/wp-json\/wp\/v2\/pages"}],"about":[{"href":"https:\/\/sirkoaba.hu\/index.php\/wp-json\/wp\/v2\/types\/page"}],"author":[{"embeddable":true,"href":"https:\/\/sirkoaba.hu\/index.php\/wp-json\/wp\/v2\/users\/2"}],"replies":[{"embeddable":true,"href":"https:\/\/sirkoaba.hu\/index.php\/wp-json\/wp\/v2\/comments?post=183"}],"version-history":[{"count":3,"href":"https:\/\/sirkoaba.hu\/index.php\/wp-json\/wp\/v2\/pages\/183\/revisions"}],"predecessor-version":[{"id":201,"href":"https:\/\/sirkoaba.hu\/index.php\/wp-json\/wp\/v2\/pages\/183\/revisions\/201"}],"wp:attachment":[{"href":"https:\/\/sirkoaba.hu\/index.php\/wp-json\/wp\/v2\/media?parent=183"}],"curies":[{"name":"wp","href":"https:\/\/api.w.org\/{rel}","templated":true}]}}