{"id":28,"date":"2021-03-04T13:11:13","date_gmt":"2021-03-04T12:11:13","guid":{"rendered":"http:\/\/sirkoaba.hu\/?page_id=28"},"modified":"2025-07-17T23:25:50","modified_gmt":"2025-07-17T22:25:50","slug":"115-os-siremlek","status":"publish","type":"page","link":"https:\/\/sirkoaba.hu\/index.php\/115-os-siremlek\/","title":{"rendered":"115-\u00f6s s\u00edreml\u00e9k"},"content":{"rendered":"\n<figure class=\"wp-block-image size-large is-resized\"><img loading=\"lazy\" decoding=\"async\" width=\"733\" height=\"1024\" src=\"https:\/\/sirkoaba.hu\/wp-content\/uploads\/2025\/07\/518014370_1297584685701764_192204343130244010_n-733x1024.jpg\" alt=\"\" class=\"wp-image-1149\" style=\"width:496px;height:auto\" srcset=\"https:\/\/sirkoaba.hu\/wp-content\/uploads\/2025\/07\/518014370_1297584685701764_192204343130244010_n-733x1024.jpg 733w, https:\/\/sirkoaba.hu\/wp-content\/uploads\/2025\/07\/518014370_1297584685701764_192204343130244010_n-768x1073.jpg 768w, https:\/\/sirkoaba.hu\/wp-content\/uploads\/2025\/07\/518014370_1297584685701764_192204343130244010_n-1100x1536.jpg 1100w, https:\/\/sirkoaba.hu\/wp-content\/uploads\/2025\/07\/518014370_1297584685701764_192204343130244010_n.jpg 1466w\" sizes=\"(max-width: 733px) 100vw, 733px\" \/><figcaption class=\"wp-element-caption\">New Angola gr\u00e1nit s\u00edreml\u00e9k,(086.sz\u00e1m\u00fa eml\u00e9kkel)<br>gr\u00e1nit j\u00e1rdabor\u00edt\u00e1ssal<\/figcaption><\/figure>\n\n\n\n<p><\/p>\n\n\n\n<figure class=\"wp-block-gallery has-nested-images columns-default is-cropped wp-block-gallery-1 is-layout-flex wp-block-gallery-is-layout-flex\">\n<figure class=\"wp-block-image size-large\"><img loading=\"lazy\" decoding=\"async\" width=\"794\" height=\"1024\" data-id=\"1152\" src=\"https:\/\/sirkoaba.hu\/wp-content\/uploads\/2025\/07\/518249972_1297795555680677_3408911629256424211_n-794x1024.jpg\" alt=\"\" class=\"wp-image-1152\" srcset=\"https:\/\/sirkoaba.hu\/wp-content\/uploads\/2025\/07\/518249972_1297795555680677_3408911629256424211_n-794x1024.jpg 794w, https:\/\/sirkoaba.hu\/wp-content\/uploads\/2025\/07\/518249972_1297795555680677_3408911629256424211_n-768x990.jpg 768w, https:\/\/sirkoaba.hu\/wp-content\/uploads\/2025\/07\/518249972_1297795555680677_3408911629256424211_n-1191x1536.jpg 1191w, https:\/\/sirkoaba.hu\/wp-content\/uploads\/2025\/07\/518249972_1297795555680677_3408911629256424211_n.jpg 1588w\" sizes=\"(max-width: 794px) 100vw, 794px\" \/><\/figure>\n\n\n\n<figure class=\"wp-block-image size-large\"><img loading=\"lazy\" decoding=\"async\" width=\"1024\" height=\"898\" data-id=\"1156\" src=\"https:\/\/sirkoaba.hu\/wp-content\/uploads\/2025\/07\/518387242_1297795572347342_4557033697172794393_n-1024x898.jpg\" alt=\"\" class=\"wp-image-1156\" srcset=\"https:\/\/sirkoaba.hu\/wp-content\/uploads\/2025\/07\/518387242_1297795572347342_4557033697172794393_n-1024x898.jpg 1024w, https:\/\/sirkoaba.hu\/wp-content\/uploads\/2025\/07\/518387242_1297795572347342_4557033697172794393_n-768x674.jpg 768w, https:\/\/sirkoaba.hu\/wp-content\/uploads\/2025\/07\/518387242_1297795572347342_4557033697172794393_n-1536x1347.jpg 1536w, https:\/\/sirkoaba.hu\/wp-content\/uploads\/2025\/07\/518387242_1297795572347342_4557033697172794393_n.jpg 2048w\" sizes=\"(max-width: 1024px) 100vw, 1024px\" \/><\/figure>\n\n\n\n<figure class=\"wp-block-image size-large\"><img loading=\"lazy\" decoding=\"async\" width=\"1024\" height=\"768\" data-id=\"1158\" src=\"https:\/\/sirkoaba.hu\/wp-content\/uploads\/2025\/07\/518623660_1297795622347337_7562996667384690280_n-1024x768.jpg\" alt=\"\" class=\"wp-image-1158\" srcset=\"https:\/\/sirkoaba.hu\/wp-content\/uploads\/2025\/07\/518623660_1297795622347337_7562996667384690280_n-1024x768.jpg 1024w, https:\/\/sirkoaba.hu\/wp-content\/uploads\/2025\/07\/518623660_1297795622347337_7562996667384690280_n-768x576.jpg 768w, https:\/\/sirkoaba.hu\/wp-content\/uploads\/2025\/07\/518623660_1297795622347337_7562996667384690280_n-1536x1152.jpg 1536w, https:\/\/sirkoaba.hu\/wp-content\/uploads\/2025\/07\/518623660_1297795622347337_7562996667384690280_n.jpg 2048w\" sizes=\"(max-width: 1024px) 100vw, 1024px\" \/><\/figure>\n<figcaption class=\"blocks-gallery-caption wp-element-caption\">New Angola gr\u00e1nit s\u00edreml\u00e9k,<br> Jupanara Colombo gr\u00e1nit j\u00e1rdabor\u00edt\u00e1ssal<\/figcaption><\/figure>\n\n\n\n<figure class=\"wp-block-gallery has-nested-images columns-default is-cropped wp-block-gallery-2 is-layout-flex wp-block-gallery-is-layout-flex\">\n<figure class=\"wp-block-image size-large\"><img loading=\"lazy\" decoding=\"async\" width=\"720\" height=\"960\" data-id=\"512\" src=\"https:\/\/sirkoaba.hu\/wp-content\/uploads\/2021\/03\/FB_IMG_1615583997762.jpg\" alt=\"\" class=\"wp-image-512\" srcset=\"https:\/\/sirkoaba.hu\/wp-content\/uploads\/2021\/03\/FB_IMG_1615583997762.jpg 720w, https:\/\/sirkoaba.hu\/wp-content\/uploads\/2021\/03\/FB_IMG_1615583997762-225x300.jpg 225w\" sizes=\"(max-width: 720px) 100vw, 720px\" \/><\/figure>\n\n\n\n<figure class=\"wp-block-image size-large\"><img loading=\"lazy\" decoding=\"async\" width=\"960\" height=\"720\" data-id=\"513\" src=\"https:\/\/sirkoaba.hu\/wp-content\/uploads\/2021\/03\/FB_IMG_1615583993865.jpg\" alt=\"\" class=\"wp-image-513\" srcset=\"https:\/\/sirkoaba.hu\/wp-content\/uploads\/2021\/03\/FB_IMG_1615583993865.jpg 960w, https:\/\/sirkoaba.hu\/wp-content\/uploads\/2021\/03\/FB_IMG_1615583993865-300x225.jpg 300w, https:\/\/sirkoaba.hu\/wp-content\/uploads\/2021\/03\/FB_IMG_1615583993865-768x576.jpg 768w\" sizes=\"(max-width: 960px) 100vw, 960px\" \/><\/figure>\n<figcaption class=\"blocks-gallery-caption wp-element-caption\">New Angola gr\u00e1nit s\u00edreml\u00e9k <\/figcaption><\/figure>\n\n\n\n<figure class=\"wp-block-gallery has-nested-images columns-default is-cropped wp-block-gallery-3 is-layout-flex wp-block-gallery-is-layout-flex\">\n<figure class=\"wp-block-image size-large\"><img loading=\"lazy\" decoding=\"async\" width=\"600\" height=\"450\" data-id=\"727\" src=\"https:\/\/sirkoaba.hu\/wp-content\/uploads\/2021\/05\/181343238_293182759110517_6401320073540740497_n.jpg\" alt=\"\" class=\"wp-image-727\" srcset=\"https:\/\/sirkoaba.hu\/wp-content\/uploads\/2021\/05\/181343238_293182759110517_6401320073540740497_n.jpg 600w, https:\/\/sirkoaba.hu\/wp-content\/uploads\/2021\/05\/181343238_293182759110517_6401320073540740497_n-300x225.jpg 300w\" sizes=\"(max-width: 600px) 100vw, 600px\" \/><\/figure>\n\n\n\n<figure class=\"wp-block-image size-large\"><img loading=\"lazy\" decoding=\"async\" width=\"600\" height=\"587\" data-id=\"728\" src=\"https:\/\/sirkoaba.hu\/wp-content\/uploads\/2021\/05\/181291940_293182792443847_2604473486491767864_n.jpg\" alt=\"\" class=\"wp-image-728\" srcset=\"https:\/\/sirkoaba.hu\/wp-content\/uploads\/2021\/05\/181291940_293182792443847_2604473486491767864_n.jpg 600w, https:\/\/sirkoaba.hu\/wp-content\/uploads\/2021\/05\/181291940_293182792443847_2604473486491767864_n-300x294.jpg 300w\" sizes=\"(max-width: 600px) 100vw, 600px\" \/><\/figure>\n<figcaption class=\"blocks-gallery-caption wp-element-caption\">Impala gr\u00e1nit s\u00edreml\u00e9k <\/figcaption><\/figure>\n\n\n\n<figure class=\"wp-block-gallery has-nested-images columns-default is-cropped wp-block-gallery-4 is-layout-flex wp-block-gallery-is-layout-flex\">\n<figure class=\"wp-block-image size-large\"><img loading=\"lazy\" decoding=\"async\" width=\"600\" height=\"911\" data-id=\"888\" src=\"https:\/\/sirkoaba.hu\/wp-content\/uploads\/2021\/10\/248419266_410679717360820_8252429402086730063_n.jpg\" alt=\"\" class=\"wp-image-888\"\/><\/figure>\n\n\n\n<figure class=\"wp-block-image size-large\"><img loading=\"lazy\" decoding=\"async\" width=\"403\" height=\"895\" data-id=\"889\" src=\"https:\/\/sirkoaba.hu\/wp-content\/uploads\/2021\/10\/247628420_410679774027481_760151032357865451_n.jpg\" alt=\"\" class=\"wp-image-889\"\/><\/figure>\n<figcaption class=\"blocks-gallery-caption wp-element-caption\">New Angola gr\u00e1nit s\u00edreml\u00e9k,Fekete Obelix<\/figcaption><\/figure>\n\n\n\n<figure class=\"wp-block-gallery has-nested-images columns-default is-cropped wp-block-gallery-5 is-layout-flex wp-block-gallery-is-layout-flex\">\n<figure class=\"wp-block-image size-large\"><img loading=\"lazy\" decoding=\"async\" width=\"768\" height=\"1024\" data-id=\"1091\" src=\"https:\/\/sirkoaba.hu\/wp-content\/uploads\/2024\/09\/449379933_989326359860933_3243632774915594887_n-768x1024.jpg\" alt=\"\" class=\"wp-image-1091\" srcset=\"https:\/\/sirkoaba.hu\/wp-content\/uploads\/2024\/09\/449379933_989326359860933_3243632774915594887_n-768x1024.jpg 768w, https:\/\/sirkoaba.hu\/wp-content\/uploads\/2024\/09\/449379933_989326359860933_3243632774915594887_n-1152x1536.jpg 1152w, https:\/\/sirkoaba.hu\/wp-content\/uploads\/2024\/09\/449379933_989326359860933_3243632774915594887_n.jpg 1536w\" sizes=\"(max-width: 768px) 100vw, 768px\" \/><\/figure>\n\n\n\n<figure class=\"wp-block-image size-large\"><img loading=\"lazy\" decoding=\"async\" width=\"768\" height=\"1024\" data-id=\"1090\" src=\"https:\/\/sirkoaba.hu\/wp-content\/uploads\/2024\/09\/449309984_989326366527599_6330355619687110349_n-768x1024.jpg\" alt=\"\" class=\"wp-image-1090\" srcset=\"https:\/\/sirkoaba.hu\/wp-content\/uploads\/2024\/09\/449309984_989326366527599_6330355619687110349_n-768x1024.jpg 768w, https:\/\/sirkoaba.hu\/wp-content\/uploads\/2024\/09\/449309984_989326366527599_6330355619687110349_n-1152x1536.jpg 1152w, https:\/\/sirkoaba.hu\/wp-content\/uploads\/2024\/09\/449309984_989326366527599_6330355619687110349_n.jpg 1536w\" sizes=\"(max-width: 768px) 100vw, 768px\" \/><\/figure>\n<\/figure>\n\n\n\n<figure class=\"wp-block-gallery has-nested-images columns-default is-cropped wp-block-gallery-6 is-layout-flex wp-block-gallery-is-layout-flex\">\n<figure class=\"wp-block-image size-large\"><img loading=\"lazy\" decoding=\"async\" width=\"768\" height=\"1024\" data-id=\"1092\" src=\"https:\/\/sirkoaba.hu\/wp-content\/uploads\/2024\/09\/454392557_1017943680332534_3025170092921963446_n-768x1024.jpg\" alt=\"\" class=\"wp-image-1092\" srcset=\"https:\/\/sirkoaba.hu\/wp-content\/uploads\/2024\/09\/454392557_1017943680332534_3025170092921963446_n-768x1024.jpg 768w, https:\/\/sirkoaba.hu\/wp-content\/uploads\/2024\/09\/454392557_1017943680332534_3025170092921963446_n.jpg 1080w\" sizes=\"(max-width: 768px) 100vw, 768px\" \/><\/figure>\n\n\n\n<figure class=\"wp-block-image size-large\"><img loading=\"lazy\" decoding=\"async\" width=\"768\" height=\"1024\" data-id=\"1093\" src=\"https:\/\/sirkoaba.hu\/wp-content\/uploads\/2024\/09\/454400465_1017943676999201_4358629380515180039_n-768x1024.jpg\" alt=\"\" class=\"wp-image-1093\" srcset=\"https:\/\/sirkoaba.hu\/wp-content\/uploads\/2024\/09\/454400465_1017943676999201_4358629380515180039_n-768x1024.jpg 768w, https:\/\/sirkoaba.hu\/wp-content\/uploads\/2024\/09\/454400465_1017943676999201_4358629380515180039_n.jpg 1080w\" sizes=\"(max-width: 768px) 100vw, 768px\" \/><\/figure>\n<\/figure>\n\n\n\n<figure class=\"wp-block-image size-large is-resized\"><img loading=\"lazy\" decoding=\"async\" width=\"450\" height=\"600\" src=\"https:\/\/sirkoaba.hu\/wp-content\/uploads\/2021\/09\/240401396_375745107520948_2725764525947420000_n.jpg\" alt=\"\" class=\"wp-image-831\"\/><figcaption class=\"wp-element-caption\">Paradiso gr\u00e1nit s\u00edreml\u00e9k,<br>gr\u00e1nit j\u00e1rdabor\u00edt\u00e1ssal <\/figcaption><\/figure>\n\n\n\n<figure class=\"wp-block-gallery has-nested-images columns-default is-cropped wp-block-gallery-7 is-layout-flex wp-block-gallery-is-layout-flex\">\n<figure class=\"wp-block-image size-large\"><img loading=\"lazy\" decoding=\"async\" width=\"686\" height=\"1024\" data-id=\"1100\" src=\"https:\/\/sirkoaba.hu\/wp-content\/uploads\/2024\/09\/454607991_1018245606969008_2401775709012213814_n-686x1024.jpg\" alt=\"\" class=\"wp-image-1100\" srcset=\"https:\/\/sirkoaba.hu\/wp-content\/uploads\/2024\/09\/454607991_1018245606969008_2401775709012213814_n-686x1024.jpg 686w, https:\/\/sirkoaba.hu\/wp-content\/uploads\/2024\/09\/454607991_1018245606969008_2401775709012213814_n-768x1147.jpg 768w, https:\/\/sirkoaba.hu\/wp-content\/uploads\/2024\/09\/454607991_1018245606969008_2401775709012213814_n.jpg 964w\" sizes=\"(max-width: 686px) 100vw, 686px\" \/><\/figure>\n\n\n\n<figure class=\"wp-block-image size-large\"><img loading=\"lazy\" decoding=\"async\" width=\"768\" height=\"1024\" data-id=\"1102\" src=\"https:\/\/sirkoaba.hu\/wp-content\/uploads\/2024\/09\/454649197_1017947346998834_8119044080257916153_n-768x1024.jpg\" alt=\"\" class=\"wp-image-1102\" srcset=\"https:\/\/sirkoaba.hu\/wp-content\/uploads\/2024\/09\/454649197_1017947346998834_8119044080257916153_n-768x1024.jpg 768w, https:\/\/sirkoaba.hu\/wp-content\/uploads\/2024\/09\/454649197_1017947346998834_8119044080257916153_n.jpg 1080w\" sizes=\"(max-width: 768px) 100vw, 768px\" \/><\/figure>\n<\/figure>\n\n\n\n<figure class=\"wp-block-image size-large is-resized\"><img loading=\"lazy\" decoding=\"async\" width=\"403\" height=\"895\" src=\"https:\/\/sirkoaba.hu\/wp-content\/uploads\/2021\/10\/247318808_410500250712100_7941033864922261350_n.jpg\" alt=\"\" class=\"wp-image-893\"\/><figcaption class=\"wp-element-caption\">Denver Blue gr\u00e1nit s\u00edreml\u00e9k,<br>gr\u00e1nit j\u00e1rdabor\u00edt\u00e1ssal<\/figcaption><\/figure>\n\n\n\n<figure class=\"wp-block-image size-large is-resized\"><img loading=\"lazy\" decoding=\"async\" width=\"1024\" height=\"461\" src=\"https:\/\/sirkoaba.hu\/wp-content\/uploads\/2021\/10\/249760294_413987993696659_8300968822150330019_n-1024x461.jpg\" alt=\"\" class=\"wp-image-891\" style=\"width:516px;height:auto\" srcset=\"https:\/\/sirkoaba.hu\/wp-content\/uploads\/2021\/10\/249760294_413987993696659_8300968822150330019_n-1024x461.jpg 1024w, https:\/\/sirkoaba.hu\/wp-content\/uploads\/2021\/10\/249760294_413987993696659_8300968822150330019_n-768x346.jpg 768w, https:\/\/sirkoaba.hu\/wp-content\/uploads\/2021\/10\/249760294_413987993696659_8300968822150330019_n.jpg 1422w\" sizes=\"(max-width: 1024px) 100vw, 1024px\" \/><figcaption class=\"wp-element-caption\">Giallo California gr\u00e1nit s\u00edreml\u00e9k,<\/figcaption><\/figure>\n\n\n\n<figure class=\"wp-block-image size-large is-resized\"><img loading=\"lazy\" decoding=\"async\" width=\"708\" height=\"1024\" src=\"https:\/\/sirkoaba.hu\/wp-content\/uploads\/2024\/09\/454636940_1017940140332888_6887362465336521332_n-708x1024.jpg\" alt=\"\" class=\"wp-image-1095\" style=\"width:535px;height:auto\" srcset=\"https:\/\/sirkoaba.hu\/wp-content\/uploads\/2024\/09\/454636940_1017940140332888_6887362465336521332_n-708x1024.jpg 708w, https:\/\/sirkoaba.hu\/wp-content\/uploads\/2024\/09\/454636940_1017940140332888_6887362465336521332_n-768x1111.jpg 768w, https:\/\/sirkoaba.hu\/wp-content\/uploads\/2024\/09\/454636940_1017940140332888_6887362465336521332_n-1062x1536.jpg 1062w, https:\/\/sirkoaba.hu\/wp-content\/uploads\/2024\/09\/454636940_1017940140332888_6887362465336521332_n.jpg 1416w\" sizes=\"(max-width: 708px) 100vw, 708px\" \/><figcaption class=\"wp-element-caption\">Yupanara Colombo gr\u00e1nit s\u00edreml\u00e9k(Sz2. sz\u00e1m\u00fa eml\u00e9kkel)<\/figcaption><\/figure>\n\n\n\n<figure class=\"wp-block-image size-large is-resized\"><img loading=\"lazy\" decoding=\"async\" width=\"694\" height=\"1024\" src=\"https:\/\/sirkoaba.hu\/wp-content\/uploads\/2024\/09\/449266155_989330476527188_3061333609144617480_n-694x1024.jpg\" alt=\"\" class=\"wp-image-1096\" style=\"width:541px;height:auto\" srcset=\"https:\/\/sirkoaba.hu\/wp-content\/uploads\/2024\/09\/449266155_989330476527188_3061333609144617480_n-694x1024.jpg 694w, https:\/\/sirkoaba.hu\/wp-content\/uploads\/2024\/09\/449266155_989330476527188_3061333609144617480_n-768x1133.jpg 768w, https:\/\/sirkoaba.hu\/wp-content\/uploads\/2024\/09\/449266155_989330476527188_3061333609144617480_n.jpg 976w\" sizes=\"(max-width: 694px) 100vw, 694px\" \/><figcaption class=\"wp-element-caption\">Jupanara Colombo gr\u00e1nit s\u00edreml\u00e9k(26-os sz\u00e1m\u00fa eml\u00e9kkel)<\/figcaption><\/figure>\n\n\n\n<figure class=\"wp-block-image size-large is-resized\"><img loading=\"lazy\" decoding=\"async\" width=\"771\" height=\"1024\" src=\"https:\/\/sirkoaba.hu\/wp-content\/uploads\/2025\/07\/518238583_1298136798979886_2314421229535795551_n-771x1024.jpg\" alt=\"\" class=\"wp-image-1151\" style=\"width:476px;height:auto\" srcset=\"https:\/\/sirkoaba.hu\/wp-content\/uploads\/2025\/07\/518238583_1298136798979886_2314421229535795551_n-771x1024.jpg 771w, https:\/\/sirkoaba.hu\/wp-content\/uploads\/2025\/07\/518238583_1298136798979886_2314421229535795551_n-768x1020.jpg 768w, https:\/\/sirkoaba.hu\/wp-content\/uploads\/2025\/07\/518238583_1298136798979886_2314421229535795551_n-1157x1536.jpg 1157w, https:\/\/sirkoaba.hu\/wp-content\/uploads\/2025\/07\/518238583_1298136798979886_2314421229535795551_n.jpg 1542w\" sizes=\"(max-width: 771px) 100vw, 771px\" \/><figcaption class=\"wp-element-caption\">Paradiso gr\u00e1nit s\u00edreml\u00e9k<\/figcaption><\/figure>\n\n\n\n<figure class=\"wp-block-image size-large is-resized\"><img loading=\"lazy\" decoding=\"async\" width=\"768\" height=\"1024\" src=\"https:\/\/sirkoaba.hu\/wp-content\/uploads\/2025\/07\/494731622_1234740295319537_6688546290457658743_n-768x1024.jpg\" alt=\"\" class=\"wp-image-1160\" style=\"width:513px;height:auto\" srcset=\"https:\/\/sirkoaba.hu\/wp-content\/uploads\/2025\/07\/494731622_1234740295319537_6688546290457658743_n-768x1024.jpg 768w, https:\/\/sirkoaba.hu\/wp-content\/uploads\/2025\/07\/494731622_1234740295319537_6688546290457658743_n.jpg 1080w\" sizes=\"(max-width: 768px) 100vw, 768px\" \/><figcaption class=\"wp-element-caption\">Jupanara Colombo- New Angola gr\u00e1nit s\u00edreml\u00e9k<\/figcaption><\/figure>\n\n\n\n<figure class=\"wp-block-image size-large is-resized\"><img loading=\"lazy\" decoding=\"async\" width=\"768\" height=\"1024\" src=\"https:\/\/sirkoaba.hu\/wp-content\/uploads\/2025\/07\/499728990_1255731236553776_4674717858023488134_n-768x1024.jpg\" alt=\"\" class=\"wp-image-1162\" style=\"width:519px;height:auto\" srcset=\"https:\/\/sirkoaba.hu\/wp-content\/uploads\/2025\/07\/499728990_1255731236553776_4674717858023488134_n-768x1024.jpg 768w, https:\/\/sirkoaba.hu\/wp-content\/uploads\/2025\/07\/499728990_1255731236553776_4674717858023488134_n-1152x1536.jpg 1152w, https:\/\/sirkoaba.hu\/wp-content\/uploads\/2025\/07\/499728990_1255731236553776_4674717858023488134_n.jpg 1536w\" sizes=\"(max-width: 768px) 100vw, 768px\" \/><figcaption class=\"wp-element-caption\">Jupanara Colombo- Paradiso gr\u00e1nit s\u00edreml\u00e9k<\/figcaption><\/figure>\n\n\n\n<p><\/p>\n","protected":false},"excerpt":{"rendered":"","protected":false},"author":1,"featured_media":0,"parent":0,"menu_order":0,"comment_status":"closed","ping_status":"closed","template":"","meta":{"footnotes":""},"class_list":["post-28","page","type-page","status-publish","hentry"],"jetpack_sharing_enabled":true,"_links":{"self":[{"href":"https:\/\/sirkoaba.hu\/index.php\/wp-json\/wp\/v2\/pages\/28"}],"collection":[{"href":"https:\/\/sirkoaba.hu\/index.php\/wp-json\/wp\/v2\/pages"}],"about":[{"href":"https:\/\/sirkoaba.hu\/index.php\/wp-json\/wp\/v2\/types\/page"}],"author":[{"embeddable":true,"href":"https:\/\/sirkoaba.hu\/index.php\/wp-json\/wp\/v2\/users\/1"}],"replies":[{"embeddable":true,"href":"https:\/\/sirkoaba.hu\/index.php\/wp-json\/wp\/v2\/comments?post=28"}],"version-history":[{"count":15,"href":"https:\/\/sirkoaba.hu\/index.php\/wp-json\/wp\/v2\/pages\/28\/revisions"}],"predecessor-version":[{"id":1207,"href":"https:\/\/sirkoaba.hu\/index.php\/wp-json\/wp\/v2\/pages\/28\/revisions\/1207"}],"wp:attachment":[{"href":"https:\/\/sirkoaba.hu\/index.php\/wp-json\/wp\/v2\/media?parent=28"}],"curies":[{"name":"wp","href":"https:\/\/api.w.org\/{rel}","templated":true}]}}