{"id":29,"date":"2021-03-04T13:11:13","date_gmt":"2021-03-04T12:11:13","guid":{"rendered":"http:\/\/sirkoaba.hu\/?page_id=29"},"modified":"2021-03-04T16:51:29","modified_gmt":"2021-03-04T15:51:29","slug":"konyhai-kiegeszitok","status":"publish","type":"page","link":"https:\/\/sirkoaba.hu\/index.php\/konyhai-kiegeszitok\/","title":{"rendered":"Konyhai kieg\u00e9sz\u00edt\u0151k"},"content":{"rendered":"\n<figure class=\"wp-block-image size-large\"><img loading=\"lazy\" decoding=\"async\" width=\"780\" height=\"585\" src=\"https:\/\/sirkoaba.hu\/wp-content\/uploads\/2021\/03\/received_711104413024975.jpeg\" alt=\"\" class=\"wp-image-124\" srcset=\"https:\/\/sirkoaba.hu\/wp-content\/uploads\/2021\/03\/received_711104413024975.jpeg 780w, https:\/\/sirkoaba.hu\/wp-content\/uploads\/2021\/03\/received_711104413024975-300x225.jpeg 300w, https:\/\/sirkoaba.hu\/wp-content\/uploads\/2021\/03\/received_711104413024975-768x576.jpeg 768w\" sizes=\"(max-width: 780px) 100vw, 780px\" \/><figcaption>Schivakashi gr\u00e1nit gy\u00far\u00f3deszka, Impala gr\u00e1nit ny\u00fajt\u00f3fa<\/figcaption><\/figure>\n","protected":false},"excerpt":{"rendered":"","protected":false},"author":1,"featured_media":0,"parent":0,"menu_order":0,"comment_status":"closed","ping_status":"closed","template":"","meta":{"footnotes":""},"class_list":["post-29","page","type-page","status-publish","hentry"],"jetpack_sharing_enabled":true,"_links":{"self":[{"href":"https:\/\/sirkoaba.hu\/index.php\/wp-json\/wp\/v2\/pages\/29"}],"collection":[{"href":"https:\/\/sirkoaba.hu\/index.php\/wp-json\/wp\/v2\/pages"}],"about":[{"href":"https:\/\/sirkoaba.hu\/index.php\/wp-json\/wp\/v2\/types\/page"}],"author":[{"embeddable":true,"href":"https:\/\/sirkoaba.hu\/index.php\/wp-json\/wp\/v2\/users\/1"}],"replies":[{"embeddable":true,"href":"https:\/\/sirkoaba.hu\/index.php\/wp-json\/wp\/v2\/comments?post=29"}],"version-history":[{"count":3,"href":"https:\/\/sirkoaba.hu\/index.php\/wp-json\/wp\/v2\/pages\/29\/revisions"}],"predecessor-version":[{"id":247,"href":"https:\/\/sirkoaba.hu\/index.php\/wp-json\/wp\/v2\/pages\/29\/revisions\/247"}],"wp:attachment":[{"href":"https:\/\/sirkoaba.hu\/index.php\/wp-json\/wp\/v2\/media?parent=29"}],"curies":[{"name":"wp","href":"https:\/\/api.w.org\/{rel}","templated":true}]}}