{"id":303,"date":"2021-03-10T12:21:30","date_gmt":"2021-03-10T11:21:30","guid":{"rendered":"http:\/\/sirkoaba.hu\/?page_id=303"},"modified":"2022-12-05T14:39:13","modified_gmt":"2022-12-05T13:39:13","slug":"gravirozas","status":"publish","type":"page","link":"https:\/\/sirkoaba.hu\/index.php\/gravirozas\/","title":{"rendered":"Grav\u00edroz\u00e1s"},"content":{"rendered":"\n<p>Grav\u00edroz\u00e1s fekete illetve s\u00f6t\u00e9t sz\u00edn\u0171 gr\u00e1nitba k\u00e9sz\u00edtj\u00fck.<\/p>\n\n\n\n<figure class=\"wp-block-image size-large is-style-default\"><img loading=\"lazy\" decoding=\"async\" width=\"1012\" height=\"1024\" src=\"https:\/\/sirkoaba.hu\/wp-content\/uploads\/2021\/04\/fa-nappal-1012x1024.jpg\" alt=\"\" class=\"wp-image-664\" srcset=\"https:\/\/sirkoaba.hu\/wp-content\/uploads\/2021\/04\/fa-nappal-1012x1024.jpg 1012w, https:\/\/sirkoaba.hu\/wp-content\/uploads\/2021\/04\/fa-nappal-296x300.jpg 296w, https:\/\/sirkoaba.hu\/wp-content\/uploads\/2021\/04\/fa-nappal-768x777.jpg 768w, https:\/\/sirkoaba.hu\/wp-content\/uploads\/2021\/04\/fa-nappal.jpg 1265w\" sizes=\"(max-width: 1012px) 100vw, 1012px\" \/><\/figure>\n\n\n\n<figure class=\"wp-block-image size-large is-style-default\"><img loading=\"lazy\" decoding=\"async\" width=\"839\" height=\"794\" src=\"https:\/\/sirkoaba.hu\/wp-content\/uploads\/2021\/04\/galamp.bpd_.jpg\" alt=\"\" class=\"wp-image-665\" srcset=\"https:\/\/sirkoaba.hu\/wp-content\/uploads\/2021\/04\/galamp.bpd_.jpg 839w, https:\/\/sirkoaba.hu\/wp-content\/uploads\/2021\/04\/galamp.bpd_-300x284.jpg 300w, https:\/\/sirkoaba.hu\/wp-content\/uploads\/2021\/04\/galamp.bpd_-768x727.jpg 768w\" sizes=\"(max-width: 839px) 100vw, 839px\" \/><\/figure>\n\n\n\n<figure class=\"wp-block-image size-large is-style-default\"><img loading=\"lazy\" decoding=\"async\" width=\"615\" height=\"615\" src=\"https:\/\/sirkoaba.hu\/wp-content\/uploads\/2021\/04\/Gravir-kutya-4.jpg\" alt=\"\" class=\"wp-image-666\" srcset=\"https:\/\/sirkoaba.hu\/wp-content\/uploads\/2021\/04\/Gravir-kutya-4.jpg 615w, https:\/\/sirkoaba.hu\/wp-content\/uploads\/2021\/04\/Gravir-kutya-4-300x300.jpg 300w, https:\/\/sirkoaba.hu\/wp-content\/uploads\/2021\/04\/Gravir-kutya-4-150x150.jpg 150w\" sizes=\"(max-width: 615px) 100vw, 615px\" \/><\/figure>\n\n\n\n<figure class=\"wp-block-image size-large is-style-default\"><img loading=\"lazy\" decoding=\"async\" width=\"783\" height=\"1024\" src=\"https:\/\/sirkoaba.hu\/wp-content\/uploads\/2021\/04\/untitled-783x1024.png\" alt=\"\" class=\"wp-image-667\" srcset=\"https:\/\/sirkoaba.hu\/wp-content\/uploads\/2021\/04\/untitled-783x1024.png 783w, https:\/\/sirkoaba.hu\/wp-content\/uploads\/2021\/04\/untitled-229x300.png 229w, https:\/\/sirkoaba.hu\/wp-content\/uploads\/2021\/04\/untitled-768x1004.png 768w, https:\/\/sirkoaba.hu\/wp-content\/uploads\/2021\/04\/untitled.png 1020w\" sizes=\"(max-width: 783px) 100vw, 783px\" \/><\/figure>\n\n\n\n<figure class=\"wp-block-image size-full is-style-default\"><img loading=\"lazy\" decoding=\"async\" width=\"684\" height=\"1167\" src=\"https:\/\/sirkoaba.hu\/wp-content\/uploads\/2022\/12\/Kala-002-33-a.bmp\" alt=\"\" class=\"wp-image-984\"\/><\/figure>\n\n\n\n<figure class=\"wp-block-image size-full is-style-default\"><img loading=\"lazy\" decoding=\"async\" width=\"703\" height=\"1500\" src=\"https:\/\/sirkoaba.hu\/wp-content\/uploads\/2022\/12\/buza_33.bmp\" alt=\"\" class=\"wp-image-983\"\/><\/figure>\n\n\n\n<figure class=\"wp-block-image size-full is-style-default\"><img loading=\"lazy\" decoding=\"async\" width=\"1666\" height=\"1167\" src=\"https:\/\/sirkoaba.hu\/wp-content\/uploads\/2022\/12\/219.bmp\" alt=\"\" class=\"wp-image-982\"\/><\/figure>\n\n\n\n<figure class=\"wp-block-image size-full\"><img loading=\"lazy\" decoding=\"async\" width=\"533\" height=\"390\" src=\"https:\/\/sirkoaba.hu\/wp-content\/uploads\/2022\/12\/Gitar-3757-02-33-aa.bmp\" alt=\"\" class=\"wp-image-985\"\/><\/figure>\n\n\n\n<figure class=\"wp-block-image size-full\"><img loading=\"lazy\" decoding=\"async\" width=\"861\" height=\"567\" src=\"https:\/\/sirkoaba.hu\/wp-content\/uploads\/2022\/12\/Bianchi-01-33.bmp\" alt=\"\" class=\"wp-image-986\"\/><\/figure>\n\n\n\n<figure class=\"wp-block-image size-full\"><img loading=\"lazy\" decoding=\"async\" width=\"1001\" height=\"1333\" src=\"https:\/\/sirkoaba.hu\/wp-content\/uploads\/2022\/12\/Kereszt-Galamb-001-33-a.bmp\" alt=\"\" class=\"wp-image-987\"\/><\/figure>\n\n\n\n<figure class=\"wp-block-image size-full\"><img loading=\"lazy\" decoding=\"async\" width=\"886\" height=\"666\" src=\"https:\/\/sirkoaba.hu\/wp-content\/uploads\/2022\/12\/Mozdony-03-33-a.bmp\" alt=\"\" class=\"wp-image-988\"\/><\/figure>\n\n\n\n<figure class=\"wp-block-image size-full\"><img loading=\"lazy\" decoding=\"async\" width=\"903\" height=\"1167\" src=\"https:\/\/sirkoaba.hu\/wp-content\/uploads\/2022\/12\/877-d.bmp\" alt=\"\" class=\"wp-image-989\"\/><\/figure>\n\n\n\n<figure class=\"wp-block-image size-full\"><img loading=\"lazy\" decoding=\"async\" width=\"1000\" height=\"1308\" src=\"https:\/\/sirkoaba.hu\/wp-content\/uploads\/2022\/12\/Szolo-02-a-1.bmp\" alt=\"\" class=\"wp-image-990\"\/><\/figure>\n\n\n\n\n\n\n\n\n\n\n\n\n","protected":false},"excerpt":{"rendered":"<p>Grav\u00edroz\u00e1s fekete illetve s\u00f6t\u00e9t sz\u00edn\u0171 gr\u00e1nitba k\u00e9sz\u00edtj\u00fck.<\/p>\n","protected":false},"author":2,"featured_media":0,"parent":0,"menu_order":0,"comment_status":"closed","ping_status":"closed","template":"","meta":{"footnotes":""},"class_list":["post-303","page","type-page","status-publish","hentry"],"jetpack_sharing_enabled":true,"_links":{"self":[{"href":"https:\/\/sirkoaba.hu\/index.php\/wp-json\/wp\/v2\/pages\/303"}],"collection":[{"href":"https:\/\/sirkoaba.hu\/index.php\/wp-json\/wp\/v2\/pages"}],"about":[{"href":"https:\/\/sirkoaba.hu\/index.php\/wp-json\/wp\/v2\/types\/page"}],"author":[{"embeddable":true,"href":"https:\/\/sirkoaba.hu\/index.php\/wp-json\/wp\/v2\/users\/2"}],"replies":[{"embeddable":true,"href":"https:\/\/sirkoaba.hu\/index.php\/wp-json\/wp\/v2\/comments?post=303"}],"version-history":[{"count":4,"href":"https:\/\/sirkoaba.hu\/index.php\/wp-json\/wp\/v2\/pages\/303\/revisions"}],"predecessor-version":[{"id":991,"href":"https:\/\/sirkoaba.hu\/index.php\/wp-json\/wp\/v2\/pages\/303\/revisions\/991"}],"wp:attachment":[{"href":"https:\/\/sirkoaba.hu\/index.php\/wp-json\/wp\/v2\/media?parent=303"}],"curies":[{"name":"wp","href":"https:\/\/api.w.org\/{rel}","templated":true}]}}