{"id":32,"date":"2021-03-04T13:11:13","date_gmt":"2021-03-04T12:11:13","guid":{"rendered":"http:\/\/sirkoaba.hu\/?page_id=32"},"modified":"2021-03-09T11:33:21","modified_gmt":"2021-03-09T10:33:21","slug":"kiegeszitok","status":"publish","type":"page","link":"https:\/\/sirkoaba.hu\/index.php\/kiegeszitok\/","title":{"rendered":"Kieg\u00e9sz\u00edt\u0151k"},"content":{"rendered":"\n<figure class=\"wp-block-image size-large\"><img loading=\"lazy\" decoding=\"async\" width=\"780\" height=\"585\" src=\"https:\/\/sirkoaba.hu\/wp-content\/uploads\/2021\/03\/received_783460472058633.jpeg\" alt=\"\" class=\"wp-image-177\" srcset=\"https:\/\/sirkoaba.hu\/wp-content\/uploads\/2021\/03\/received_783460472058633.jpeg 780w, https:\/\/sirkoaba.hu\/wp-content\/uploads\/2021\/03\/received_783460472058633-300x225.jpeg 300w, https:\/\/sirkoaba.hu\/wp-content\/uploads\/2021\/03\/received_783460472058633-768x576.jpeg 768w\" sizes=\"(max-width: 780px) 100vw, 780px\" \/><figcaption>\u00dcltet\u0151s vir\u00e1gl\u00e1da<\/figcaption><\/figure>\n\n\n\n<figure class=\"wp-block-image size-large\"><img loading=\"lazy\" decoding=\"async\" width=\"478\" height=\"1024\" src=\"https:\/\/sirkoaba.hu\/wp-content\/uploads\/2021\/03\/IMG_20200711_092833-478x1024.jpg\" alt=\"\" class=\"wp-image-272\" srcset=\"https:\/\/sirkoaba.hu\/wp-content\/uploads\/2021\/03\/IMG_20200711_092833-478x1024.jpg 478w, https:\/\/sirkoaba.hu\/wp-content\/uploads\/2021\/03\/IMG_20200711_092833-140x300.jpg 140w, https:\/\/sirkoaba.hu\/wp-content\/uploads\/2021\/03\/IMG_20200711_092833-768x1644.jpg 768w, https:\/\/sirkoaba.hu\/wp-content\/uploads\/2021\/03\/IMG_20200711_092833-717x1536.jpg 717w, https:\/\/sirkoaba.hu\/wp-content\/uploads\/2021\/03\/IMG_20200711_092833-957x2048.jpg 957w, https:\/\/sirkoaba.hu\/wp-content\/uploads\/2021\/03\/IMG_20200711_092833-scaled.jpg 1196w\" sizes=\"(max-width: 478px) 100vw, 478px\" \/><figcaption>Nyolcsz\u00f6glet\u0171 v\u00e1za<\/figcaption><\/figure>\n\n\n\n<figure class=\"wp-block-image size-large\"><img loading=\"lazy\" decoding=\"async\" width=\"690\" height=\"1024\" src=\"https:\/\/sirkoaba.hu\/wp-content\/uploads\/2021\/03\/IMG_20180830_100500-690x1024.jpg\" alt=\"\" class=\"wp-image-275\" srcset=\"https:\/\/sirkoaba.hu\/wp-content\/uploads\/2021\/03\/IMG_20180830_100500-690x1024.jpg 690w, https:\/\/sirkoaba.hu\/wp-content\/uploads\/2021\/03\/IMG_20180830_100500-202x300.jpg 202w, https:\/\/sirkoaba.hu\/wp-content\/uploads\/2021\/03\/IMG_20180830_100500-768x1139.jpg 768w, https:\/\/sirkoaba.hu\/wp-content\/uploads\/2021\/03\/IMG_20180830_100500-1035x1536.jpg 1035w, https:\/\/sirkoaba.hu\/wp-content\/uploads\/2021\/03\/IMG_20180830_100500-1380x2048.jpg 1380w, https:\/\/sirkoaba.hu\/wp-content\/uploads\/2021\/03\/IMG_20180830_100500-scaled.jpg 1725w\" sizes=\"(max-width: 690px) 100vw, 690px\" \/><figcaption>Alubet\u00e9tes m\u00e9csestart\u00f3<\/figcaption><\/figure>\n","protected":false},"excerpt":{"rendered":"","protected":false},"author":1,"featured_media":0,"parent":0,"menu_order":0,"comment_status":"closed","ping_status":"closed","template":"","meta":{"footnotes":""},"class_list":["post-32","page","type-page","status-publish","hentry"],"jetpack_sharing_enabled":true,"_links":{"self":[{"href":"https:\/\/sirkoaba.hu\/index.php\/wp-json\/wp\/v2\/pages\/32"}],"collection":[{"href":"https:\/\/sirkoaba.hu\/index.php\/wp-json\/wp\/v2\/pages"}],"about":[{"href":"https:\/\/sirkoaba.hu\/index.php\/wp-json\/wp\/v2\/types\/page"}],"author":[{"embeddable":true,"href":"https:\/\/sirkoaba.hu\/index.php\/wp-json\/wp\/v2\/users\/1"}],"replies":[{"embeddable":true,"href":"https:\/\/sirkoaba.hu\/index.php\/wp-json\/wp\/v2\/comments?post=32"}],"version-history":[{"count":4,"href":"https:\/\/sirkoaba.hu\/index.php\/wp-json\/wp\/v2\/pages\/32\/revisions"}],"predecessor-version":[{"id":276,"href":"https:\/\/sirkoaba.hu\/index.php\/wp-json\/wp\/v2\/pages\/32\/revisions\/276"}],"wp:attachment":[{"href":"https:\/\/sirkoaba.hu\/index.php\/wp-json\/wp\/v2\/media?parent=32"}],"curies":[{"name":"wp","href":"https:\/\/api.w.org\/{rel}","templated":true}]}}