{"id":33,"date":"2021-03-04T13:11:13","date_gmt":"2021-03-04T12:11:13","guid":{"rendered":"http:\/\/sirkoaba.hu\/?page_id=33"},"modified":"2021-05-02T13:14:05","modified_gmt":"2021-05-02T12:14:05","slug":"asztalok","status":"publish","type":"page","link":"https:\/\/sirkoaba.hu\/index.php\/asztalok\/","title":{"rendered":"Asztalok\/Asztallapok"},"content":{"rendered":"\n<figure class=\"wp-block-image size-large is-style-rounded\"><img loading=\"lazy\" decoding=\"async\" width=\"1024\" height=\"768\" src=\"https:\/\/sirkoaba.hu\/wp-content\/uploads\/2021\/03\/received_290260732153725-1024x768.jpeg\" alt=\"\" class=\"wp-image-98\" srcset=\"https:\/\/sirkoaba.hu\/wp-content\/uploads\/2021\/03\/received_290260732153725-1024x768.jpeg 1024w, https:\/\/sirkoaba.hu\/wp-content\/uploads\/2021\/03\/received_290260732153725-300x225.jpeg 300w, https:\/\/sirkoaba.hu\/wp-content\/uploads\/2021\/03\/received_290260732153725-768x576.jpeg 768w, https:\/\/sirkoaba.hu\/wp-content\/uploads\/2021\/03\/received_290260732153725-1536x1152.jpeg 1536w, https:\/\/sirkoaba.hu\/wp-content\/uploads\/2021\/03\/received_290260732153725.jpeg 1984w\" sizes=\"(max-width: 1024px) 100vw, 1024px\" \/><\/figure>\n\n\n\n<p>Schivakashi gr\u00e1nit doh\u00e1nyz\u00f3asztal<\/p>\n\n\n\n<figure class=\"wp-block-image size-large is-style-rounded\"><img loading=\"lazy\" decoding=\"async\" width=\"744\" height=\"558\" src=\"https:\/\/sirkoaba.hu\/wp-content\/uploads\/2021\/03\/received_196021868410590.jpeg\" alt=\"\" class=\"wp-image-120\" srcset=\"https:\/\/sirkoaba.hu\/wp-content\/uploads\/2021\/03\/received_196021868410590.jpeg 744w, https:\/\/sirkoaba.hu\/wp-content\/uploads\/2021\/03\/received_196021868410590-300x225.jpeg 300w\" sizes=\"(max-width: 744px) 100vw, 744px\" \/><figcaption>Schivakashi gr\u00e1nit k\u00f6r \u00e9tkez\u0151asztal<\/figcaption><\/figure>\n","protected":false},"excerpt":{"rendered":"<p>Schivakashi gr\u00e1nit doh\u00e1nyz\u00f3asztal<\/p>\n","protected":false},"author":1,"featured_media":0,"parent":0,"menu_order":0,"comment_status":"closed","ping_status":"closed","template":"","meta":{"footnotes":""},"class_list":["post-33","page","type-page","status-publish","hentry"],"jetpack_sharing_enabled":true,"_links":{"self":[{"href":"https:\/\/sirkoaba.hu\/index.php\/wp-json\/wp\/v2\/pages\/33"}],"collection":[{"href":"https:\/\/sirkoaba.hu\/index.php\/wp-json\/wp\/v2\/pages"}],"about":[{"href":"https:\/\/sirkoaba.hu\/index.php\/wp-json\/wp\/v2\/types\/page"}],"author":[{"embeddable":true,"href":"https:\/\/sirkoaba.hu\/index.php\/wp-json\/wp\/v2\/users\/1"}],"replies":[{"embeddable":true,"href":"https:\/\/sirkoaba.hu\/index.php\/wp-json\/wp\/v2\/comments?post=33"}],"version-history":[{"count":5,"href":"https:\/\/sirkoaba.hu\/index.php\/wp-json\/wp\/v2\/pages\/33\/revisions"}],"predecessor-version":[{"id":697,"href":"https:\/\/sirkoaba.hu\/index.php\/wp-json\/wp\/v2\/pages\/33\/revisions\/697"}],"wp:attachment":[{"href":"https:\/\/sirkoaba.hu\/index.php\/wp-json\/wp\/v2\/media?parent=33"}],"curies":[{"name":"wp","href":"https:\/\/api.w.org\/{rel}","templated":true}]}}