{"id":813,"date":"2021-07-15T23:34:33","date_gmt":"2021-07-15T22:34:33","guid":{"rendered":"https:\/\/sirkoaba.hu\/?page_id=813"},"modified":"2021-07-15T23:34:34","modified_gmt":"2021-07-15T22:34:34","slug":"porcelankep","status":"publish","type":"page","link":"https:\/\/sirkoaba.hu\/index.php\/porcelankep\/","title":{"rendered":"Porcel\u00e1nk\u00e9p"},"content":{"rendered":"\n<p>V\u00e1llaljuk fotoporcel\u00e1n k\u00e9sz\u00edt\u00e9s\u00e9t t\u00f6bb f\u00e9le m\u00e9retben,illetve form\u00e1ban is.<\/p>\n\n\n\n<p><\/p>\n","protected":false},"excerpt":{"rendered":"<p>V\u00e1llaljuk fotoporcel\u00e1n k\u00e9sz\u00edt\u00e9s\u00e9t t\u00f6bb f\u00e9le m\u00e9retben,illetve form\u00e1ban is.<\/p>\n","protected":false},"author":2,"featured_media":0,"parent":0,"menu_order":0,"comment_status":"closed","ping_status":"closed","template":"","meta":{"footnotes":""},"class_list":["post-813","page","type-page","status-publish","hentry"],"jetpack_sharing_enabled":true,"_links":{"self":[{"href":"https:\/\/sirkoaba.hu\/index.php\/wp-json\/wp\/v2\/pages\/813"}],"collection":[{"href":"https:\/\/sirkoaba.hu\/index.php\/wp-json\/wp\/v2\/pages"}],"about":[{"href":"https:\/\/sirkoaba.hu\/index.php\/wp-json\/wp\/v2\/types\/page"}],"author":[{"embeddable":true,"href":"https:\/\/sirkoaba.hu\/index.php\/wp-json\/wp\/v2\/users\/2"}],"replies":[{"embeddable":true,"href":"https:\/\/sirkoaba.hu\/index.php\/wp-json\/wp\/v2\/comments?post=813"}],"version-history":[{"count":1,"href":"https:\/\/sirkoaba.hu\/index.php\/wp-json\/wp\/v2\/pages\/813\/revisions"}],"predecessor-version":[{"id":814,"href":"https:\/\/sirkoaba.hu\/index.php\/wp-json\/wp\/v2\/pages\/813\/revisions\/814"}],"wp:attachment":[{"href":"https:\/\/sirkoaba.hu\/index.php\/wp-json\/wp\/v2\/media?parent=813"}],"curies":[{"name":"wp","href":"https:\/\/api.w.org\/{rel}","templated":true}]}}