{"id":922,"date":"2022-01-04T16:33:05","date_gmt":"2022-01-04T15:33:05","guid":{"rendered":"https:\/\/sirkoaba.hu\/?page_id=922"},"modified":"2022-12-05T14:40:36","modified_gmt":"2022-12-05T13:40:36","slug":"bemutatkozas","status":"publish","type":"page","link":"https:\/\/sirkoaba.hu\/index.php\/bemutatkozas\/","title":{"rendered":"Bemutatkoz\u00e1s"},"content":{"rendered":"\n<p><\/p>\n\n\n\n<p>Kov\u00e1cs Tam\u00e1snak h\u00edvnak \u00e9s 1996 \u00f3ta foglalkozom s\u00edrk\u00f6vekkel. T\u00f6bb \u00e9vtizedes tapasztalataim sor\u00e1n az \u00e1ltalunk k\u00e9sz\u00edtett s\u00edreml\u00e9kekn\u00e9l \u00e9s egy\u00e9b term\u00e9kekn\u00e9l az els\u0151 a min\u0151s\u00e9g, melyhez az alapanyagokat megv\u00e1logatva szerezz\u00fck be. Kit\u0171n\u0151 term\u00e9keinkkel \u00e9s odaad\u00f3 munk\u00e1nkkal k\u00e9sz\u00edtj\u00fck el a s\u00edrk\u00f6veket, ugyanis fontosnak tartom, hogy min\u00e9l hosszabb \u00e9lettartalm\u00fa, mutat\u00f3s \u00e9s a gy\u00e1szol\u00f3 csal\u00e1d k\u00e9r\u00e9s\u00e9re, nekik tetsz\u0151leges-megfelel\u0151 m\u00f3dban k\u00e9sz\u00fclj\u00f6n.<br>XXI. sz\u00e1zadi g\u00e9pek seg\u00edtik munk\u00e1nkat. A g\u00e9pparkot folyamatosan korszer\u0171s\u00edtj\u00fck \u00e9s b\u0151v\u00edtj\u00fck a g\u00e9p\u00e1llom\u00e1nyt, a megfelel\u0151 munka elv\u00e9gz\u00e9se c\u00e9lj\u00e1b\u00f3l.<\/p>\n\n\n\n<p>Igyeksz\u00fcnk, t\u0151l\u00fcnk telhet\u0151 legjobbat ny\u00fajtani az \u00d6n sz\u00e1m\u00e1ra.<\/p>\n\n\n\n<p>Sokf\u00e9le anyag, forma \u00e9s sz\u00edn k\u00f6z\u00fcl tudnak v\u00e1lasztani. \u00dagy, mint a hagyom\u00e1nyos vagy egyedi elk\u00e9pzel\u00e9s\u0171 s\u00edreml\u00e9kek k\u00f6z\u00fcl. N\u00e1lunk megtal\u00e1lhatj\u00e1k az \u00d6n\u00f6k sz\u00e1m\u00e1ra legjobb \u00e9s legkedvez\u0151bb term\u00e9ket.<\/p>\n\n\n\n<p>Term\u00e9keink k\u00f6z\u00f6tt megtal\u00e1lhat\u00f3ak a s\u00edreml\u00e9kek-s\u00edrk\u00f6vek, p\u00e1rk\u00e1nyok, k\u00fcl\u00f6nf\u00e9le pultok \u00e9s l\u00e9pcs\u0151k.<\/p>\n\n\n\n<p>Kell\u0151, t\u00f6bb \u00e9vtizedes tapasztalattal \u00e9s megfelel\u0151 szakmai gyakorlattal seg\u00edt\u00fcnk \u00d6nnek a megfelel\u0151 kegyeleti eml\u00e9k l\u00e9trehoz\u00e1s\u00e1t.<\/p>\n\n\n\n<p>A s\u00edrk\u00f6vek k\u00e9sz\u00edt\u00e9s\u00e9t helysz\u00ednre sz\u00e1ll\u00edt\u00e1ssal, teljes k\u00f6r\u0171 \u00fcgyint\u00e9z\u00e9ssel v\u00e1llaljuk.<\/p>\n\n\n\n<p>K\u00e9rd\u00e9s, illetve javaslat eset\u00e9n k\u00e9rem \u00edrjon bizalommal.<\/p>\n\n\n\n<p>\u00c1llunk rendelkez\u00e9s\u00e9re<\/p>\n","protected":false},"excerpt":{"rendered":"<p>Kov\u00e1cs Tam\u00e1snak h\u00edvnak \u00e9s 1996 \u00f3ta foglalkozom s\u00edrk\u00f6vekkel. T\u00f6bb \u00e9vtizedes tapasztalataim sor\u00e1n az \u00e1ltalunk k\u00e9sz\u00edtett s\u00edreml\u00e9kekn\u00e9l \u00e9s egy\u00e9b term\u00e9kekn\u00e9l az els\u0151 a min\u0151s\u00e9g, melyhez az&hellip;<\/p>\n","protected":false},"author":2,"featured_media":0,"parent":0,"menu_order":0,"comment_status":"closed","ping_status":"closed","template":"","meta":{"footnotes":""},"class_list":["post-922","page","type-page","status-publish","hentry"],"jetpack_sharing_enabled":true,"_links":{"self":[{"href":"https:\/\/sirkoaba.hu\/index.php\/wp-json\/wp\/v2\/pages\/922"}],"collection":[{"href":"https:\/\/sirkoaba.hu\/index.php\/wp-json\/wp\/v2\/pages"}],"about":[{"href":"https:\/\/sirkoaba.hu\/index.php\/wp-json\/wp\/v2\/types\/page"}],"author":[{"embeddable":true,"href":"https:\/\/sirkoaba.hu\/index.php\/wp-json\/wp\/v2\/users\/2"}],"replies":[{"embeddable":true,"href":"https:\/\/sirkoaba.hu\/index.php\/wp-json\/wp\/v2\/comments?post=922"}],"version-history":[{"count":3,"href":"https:\/\/sirkoaba.hu\/index.php\/wp-json\/wp\/v2\/pages\/922\/revisions"}],"predecessor-version":[{"id":992,"href":"https:\/\/sirkoaba.hu\/index.php\/wp-json\/wp\/v2\/pages\/922\/revisions\/992"}],"wp:attachment":[{"href":"https:\/\/sirkoaba.hu\/index.php\/wp-json\/wp\/v2\/media?parent=922"}],"curies":[{"name":"wp","href":"https:\/\/api.w.org\/{rel}","templated":true}]}}